{"id":877,"date":"2022-08-31T16:44:30","date_gmt":"2022-08-31T20:44:30","guid":{"rendered":"http:\/\/192.168.1.85\/wordpress\/?page_id=877"},"modified":"2026-01-22T17:05:14","modified_gmt":"2026-01-22T20:05:14","slug":"farmacia-municipal-disam","status":"publish","type":"page","link":"https:\/\/apsmuniarica.cl\/web\/farmacia-municipal-disam\/","title":{"rendered":"Farmacia Municipal"},"content":{"rendered":"\n<div style=\"height:50px\" aria-hidden=\"true\" class=\"wp-block-spacer\"><\/div>\n\n\n\n<h1 class=\"wp-block-heading alignwide has-text-align-center has-neve-link-color-color has-text-color has-x-large-font-size\">Farmacia Municipal<\/h1>\n\n\n\n<div style=\"height:50px\" aria-hidden=\"true\" class=\"wp-block-spacer\"><\/div>\n\n\n\n<div class=\"wp-block-columns is-layout-flex wp-container-core-columns-is-layout-9d6595d7 wp-block-columns-is-layout-flex\">\n<div class=\"wp-block-column is-layout-flow wp-block-column-is-layout-flow\" style=\"flex-basis:20%\">\n<h1 class=\"wp-block-heading has-neve-link-color-color has-text-color has-large-font-size\">Director T\u00e9cnico<\/h1>\n\n\n\n<p class=\"has-medium-font-size\">Qf. Bonny Colque Paucara .<\/p>\n\n\n\n<h1 class=\"wp-block-heading has-neve-link-color-color has-text-color has-large-font-size\">Direcci\u00f3n<\/h1>\n\n\n\n<p class=\"has-medium-font-size\">18 de septiembre #453<\/p>\n<\/div>\n\n\n\n<div class=\"wp-block-column is-layout-flow wp-block-column-is-layout-flow\" style=\"flex-basis:20%\">\n<h1 class=\"wp-block-heading has-neve-link-color-color has-text-color has-large-font-size\">Tel\u00e9fono<\/h1>\n\n\n\n<p class=\"has-medium-font-size\">233250264<\/p>\n\n\n\n<h1 class=\"wp-block-heading has-neve-link-color-color has-text-color has-large-font-size\">Horario de Atenci\u00f3n<\/h1>\n\n\n\n<p class=\"has-medium-font-size\">Lunes a Jueves de 09:00 a 17:00 horas<\/p>\n\n\n\n<p class=\"has-medium-font-size\">Viernes de 09:00 a 16:00 horas<\/p>\n<\/div>\n\n\n\n<div class=\"wp-block-column is-layout-flow wp-block-column-is-layout-flow\">\n<iframe src=\"https:\/\/www.google.com\/maps\/embed?pb=!1m18!1m12!1m3!1d3784.132982010386!2d-70.32052403450838!3d-18.477634649560958!2m3!1f0!2f0!3f0!3m2!1i1024!2i768!4f13.1!3m3!1m2!1s0x915aa962ca93e58f%3A0xcf25db08c39a41d7!2sFarmacia%20Municipal%20-%20Arica!5e0!3m2!1ses-419!2scl!4v1667498712765!5m2!1ses-419!2scl\" width=\"1024\" height=\"450\" style=\"border:0;\" allowfullscreen=\"\" loading=\"lazy\" referrerpolicy=\"no-referrer-when-downgrade\"><\/iframe>\n<\/div>\n<\/div>\n\n\n\n<figure class=\"wp-block-audio\"><audio controls src=\"https:\/\/apsmuniarica.cl\/web\/wp-content\/uploads\/2023\/04\/00-Farmacia-Consideraciones.mp3\"><\/audio><\/figure>\n\n\n\n<div style=\"height:25px\" aria-hidden=\"true\" class=\"wp-block-spacer\"><\/div>\n\n\n\n<div class=\"wp-block-columns has-nv-light-bg-background-color has-background is-layout-flex wp-container-core-columns-is-layout-9d6595d7 wp-block-columns-is-layout-flex\">\n<div class=\"wp-block-column has-nv-light-bg-background-color has-background is-layout-flow wp-block-column-is-layout-flow\">\n<div style=\"height:20px\" aria-hidden=\"true\" class=\"wp-block-spacer\"><\/div>\n\n\n\n<h3 class=\"wp-block-heading has-text-align-center has-neve-link-color-color has-text-color has-medium-font-size\">Consideraciones<\/h3>\n\n\n\n<ul class=\"wp-block-list\">\n<li><strong>Todo medicamento se dispensa con receta m\u00e9dica.<\/strong><\/li>\n<\/ul>\n\n\n\n<ul class=\"wp-block-list\">\n<li><strong>Usuarios que se encuentren inscritos en establecimientos de salud de atenci\u00f3n primaria de salud municipal de la comuna de Arica; en este caso la inscripci\u00f3n a la farmacia ser\u00e1 autom\u00e1tica.<\/strong><\/li>\n<\/ul>\n\n\n\n<ul class=\"wp-block-list\">\n<li><strong>Usuarios que no se encuentran inscritos en los establecimientos de salud se\u00f1alados en la letra precedente; en este caso, el proceso de inscripci\u00f3n del usuario se realizar\u00e1 en la farmacia municipal.<\/strong><\/li>\n<\/ul>\n<\/div>\n\n\n\n<div class=\"wp-block-column is-vertically-aligned-top has-nv-light-bg-background-color has-background is-layout-flow wp-block-column-is-layout-flow\">\n<div style=\"height:20px\" aria-hidden=\"true\" class=\"wp-block-spacer\"><\/div>\n\n\n\n<h3 class=\"wp-block-heading has-text-align-center has-neve-link-color-color has-text-color has-medium-font-size\">Requisitos<\/h3>\n\n\n\n<ul class=\"wp-block-list\">\n<li><strong>Comprobante de domicilio, para acreditar que pertenecen a la comuna.<\/strong><\/li>\n<\/ul>\n\n\n\n<ul class=\"wp-block-list\">\n<li><strong>C\u00e9dula de Identidad.<\/strong><\/li>\n<\/ul>\n<\/div>\n<\/div>\n\n\n\n<div style=\"height:100px\" aria-hidden=\"true\" class=\"wp-block-spacer\"><\/div>\n<div class=\"pvc_clear\"><\/div><p id=\"pvc_stats_877\" class=\"pvc_stats total_only  \" data-element-id=\"877\" style=\"\"><i class=\"pvc-stats-icon medium\" aria-hidden=\"true\"><svg aria-hidden=\"true\" focusable=\"false\" data-prefix=\"far\" data-icon=\"chart-bar\" role=\"img\" xmlns=\"http:\/\/www.w3.org\/2000\/svg\" viewBox=\"0 0 512 512\" class=\"svg-inline--fa fa-chart-bar fa-w-16 fa-2x\"><path fill=\"currentColor\" d=\"M396.8 352h22.4c6.4 0 12.8-6.4 12.8-12.8V108.8c0-6.4-6.4-12.8-12.8-12.8h-22.4c-6.4 0-12.8 6.4-12.8 12.8v230.4c0 6.4 6.4 12.8 12.8 12.8zm-192 0h22.4c6.4 0 12.8-6.4 12.8-12.8V140.8c0-6.4-6.4-12.8-12.8-12.8h-22.4c-6.4 0-12.8 6.4-12.8 12.8v198.4c0 6.4 6.4 12.8 12.8 12.8zm96 0h22.4c6.4 0 12.8-6.4 12.8-12.8V204.8c0-6.4-6.4-12.8-12.8-12.8h-22.4c-6.4 0-12.8 6.4-12.8 12.8v134.4c0 6.4 6.4 12.8 12.8 12.8zM496 400H48V80c0-8.84-7.16-16-16-16H16C7.16 64 0 71.16 0 80v336c0 17.67 14.33 32 32 32h464c8.84 0 16-7.16 16-16v-16c0-8.84-7.16-16-16-16zm-387.2-48h22.4c6.4 0 12.8-6.4 12.8-12.8v-70.4c0-6.4-6.4-12.8-12.8-12.8h-22.4c-6.4 0-12.8 6.4-12.8 12.8v70.4c0 6.4 6.4 12.8 12.8 12.8z\" class=\"\"><\/path><\/svg><\/i> <img loading=\"lazy\" decoding=\"async\" width=\"16\" height=\"16\" alt=\"Loading\" src=\"https:\/\/apsmuniarica.cl\/web\/wp-content\/plugins\/page-views-count\/ajax-loader-2x.gif\" border=0 \/><\/p><div class=\"pvc_clear\"><\/div>","protected":false},"excerpt":{"rendered":"<p>Farmacia Municipal Director T\u00e9cnico Qf. Bonny Colque Paucara . Direcci\u00f3n 18 de septiembre #453 Tel\u00e9fono 233250264 Horario de Atenci\u00f3n Lunes a Jueves de 09:00 a 17:00 horas Viernes de 09:00&hellip;&nbsp;<a href=\"https:\/\/apsmuniarica.cl\/web\/farmacia-municipal-disam\/\" rel=\"bookmark\">Leer m\u00e1s &raquo;<span class=\"screen-reader-text\">Farmacia Municipal<\/span><\/a><\/p>\n","protected":false},"author":1,"featured_media":0,"parent":0,"menu_order":0,"comment_status":"closed","ping_status":"closed","template":"","meta":{"neve_meta_sidebar":"","neve_meta_container":"contained","neve_meta_enable_content_width":"on","neve_meta_content_width":90,"neve_meta_title_alignment":"center","neve_meta_author_avatar":"","neve_post_elements_order":"","neve_meta_disable_header":"","neve_meta_disable_footer":"","neve_meta_disable_title":"on","pgc_sgb_lightbox_settings":"","footnotes":""},"class_list":["post-877","page","type-page","status-publish","hentry"],"_links":{"self":[{"href":"https:\/\/apsmuniarica.cl\/web\/wp-json\/wp\/v2\/pages\/877","targetHints":{"allow":["GET"]}}],"collection":[{"href":"https:\/\/apsmuniarica.cl\/web\/wp-json\/wp\/v2\/pages"}],"about":[{"href":"https:\/\/apsmuniarica.cl\/web\/wp-json\/wp\/v2\/types\/page"}],"author":[{"embeddable":true,"href":"https:\/\/apsmuniarica.cl\/web\/wp-json\/wp\/v2\/users\/1"}],"replies":[{"embeddable":true,"href":"https:\/\/apsmuniarica.cl\/web\/wp-json\/wp\/v2\/comments?post=877"}],"version-history":[{"count":93,"href":"https:\/\/apsmuniarica.cl\/web\/wp-json\/wp\/v2\/pages\/877\/revisions"}],"predecessor-version":[{"id":15326,"href":"https:\/\/apsmuniarica.cl\/web\/wp-json\/wp\/v2\/pages\/877\/revisions\/15326"}],"wp:attachment":[{"href":"https:\/\/apsmuniarica.cl\/web\/wp-json\/wp\/v2\/media?parent=877"}],"curies":[{"name":"wp","href":"https:\/\/api.w.org\/{rel}","templated":true}]}}