{"id":865,"date":"2022-08-31T16:34:23","date_gmt":"2022-08-31T20:34:23","guid":{"rendered":"http:\/\/192.168.1.85\/wordpress\/?page_id=865"},"modified":"2026-01-22T17:01:51","modified_gmt":"2026-01-22T20:01:51","slug":"posta-de-salud-rural-poconchile-disam","status":"publish","type":"page","link":"https:\/\/apsmuniarica.cl\/web\/posta-de-salud-rural-poconchile-disam\/","title":{"rendered":"Posta de Salud Rural Poconchile"},"content":{"rendered":"\n<div style=\"height:50px\" aria-hidden=\"true\" class=\"wp-block-spacer\"><\/div>\n\n\n\n<h1 class=\"wp-block-heading alignwide has-text-align-center has-neve-link-color-color has-text-color has-x-large-font-size\">Posta de Salud Rural Poconchile<\/h1>\n\n\n\n<div style=\"height:50px\" aria-hidden=\"true\" class=\"wp-block-spacer\"><\/div>\n\n\n\n<div class=\"wp-block-columns is-layout-flex wp-container-core-columns-is-layout-9d6595d7 wp-block-columns-is-layout-flex\">\n<div class=\"wp-block-column is-layout-flow wp-block-column-is-layout-flow\" style=\"flex-basis:20%\">\n<h1 class=\"wp-block-heading has-neve-link-color-color has-text-color has-large-font-size\">Encargado<\/h1>\n\n\n\n<p class=\"has-medium-font-size\">Srta. Claudia Alejandra Fuentes Loo<\/p>\n\n\n\n<h1 class=\"wp-block-heading has-neve-link-color-color has-text-color has-large-font-size\">Tel\u00e9fono de contacto<\/h1>\n\n\n\n<p class=\"has-medium-font-size\">56966913862<\/p>\n<\/div>\n\n\n\n<div class=\"wp-block-column is-layout-flow wp-block-column-is-layout-flow\" style=\"flex-basis:20%\">\n<h1 class=\"wp-block-heading has-neve-link-color-color has-text-color has-large-font-size\">Direcci\u00f3n<\/h1>\n\n\n\n<p class=\"has-medium-font-size\">Kil\u00f3metro 27 ruta internacional 11-CH Poblado Poconchile<\/p>\n\n\n\n<h1 class=\"wp-block-heading has-neve-link-color-color has-text-color has-large-font-size\">Horario de Atenci\u00f3n<\/h1>\n\n\n\n<p class=\"has-medium-font-size\">Lunes a Jueves: 08:00 a 17:00 horas<\/p>\n\n\n\n<p class=\"has-medium-font-size\">Viernes: 08:00 a 16:00 horas<\/p>\n\n\n\n<h1 class=\"wp-block-heading has-neve-link-color-color has-text-color has-large-font-size\">Horario de atenci\u00f3n urgencia B\u00e1sica<\/h1>\n\n\n\n<p class=\"has-medium-font-size\"> 24 Horas<\/p>\n<\/div>\n\n\n\n<div class=\"wp-block-column is-layout-flow wp-block-column-is-layout-flow\">\n<iframe src=\"https:\/\/www.google.com\/maps\/embed?pb=!1m18!1m12!1m3!1d3182.5374839365004!2d-70.0681208155058!3d-18.452096966993064!2m3!1f0!2f0!3f0!3m2!1i1024!2i768!4f13.1!3m3!1m2!1s0x915aa03c3ecc806b%3A0xe9cbfd1647ce5604!2sPoconchile%2C%20Arica%2C%20Arica%20y%20Parinacota!5e0!3m2!1ses!2scl!4v1674735864051!5m2!1ses!2scl\" width=\"1024\" height=\"450\" style=\"border:0;\" allowfullscreen=\"\" loading=\"lazy\" referrerpolicy=\"no-referrer-when-downgrade\"><\/iframe>\n\n\n\n<div style=\"height:50px\" aria-hidden=\"true\" class=\"wp-block-spacer\"><\/div>\n\n\n\n<div class=\"wp-block-columns are-vertically-aligned-center is-layout-flex wp-container-core-columns-is-layout-9d6595d7 wp-block-columns-is-layout-flex\">\n<div class=\"wp-block-column is-vertically-aligned-center has-nv-light-bg-background-color has-background is-layout-flow wp-block-column-is-layout-flow\">\n<h1 class=\"wp-block-heading has-text-align-center has-neve-link-color-color has-text-color has-large-font-size\">NOTA <\/h1>\n\n\n\n<p class=\"has-text-align-center has-medium-font-size\"><strong>Atenci\u00f3n de Urgencia B\u00e1sica por Video llamada hacia un centro de mayor resoluci\u00f3n SAR O SAPU<\/strong><\/p>\n<\/div>\n<\/div>\n<\/div>\n<\/div>\n\n\n\n<div style=\"height:100px\" aria-hidden=\"true\" class=\"wp-block-spacer\"><\/div>\n<div class=\"pvc_clear\"><\/div><p id=\"pvc_stats_865\" class=\"pvc_stats total_only  \" data-element-id=\"865\" style=\"\"><i class=\"pvc-stats-icon medium\" aria-hidden=\"true\"><svg aria-hidden=\"true\" focusable=\"false\" data-prefix=\"far\" data-icon=\"chart-bar\" role=\"img\" xmlns=\"http:\/\/www.w3.org\/2000\/svg\" viewBox=\"0 0 512 512\" class=\"svg-inline--fa fa-chart-bar fa-w-16 fa-2x\"><path fill=\"currentColor\" d=\"M396.8 352h22.4c6.4 0 12.8-6.4 12.8-12.8V108.8c0-6.4-6.4-12.8-12.8-12.8h-22.4c-6.4 0-12.8 6.4-12.8 12.8v230.4c0 6.4 6.4 12.8 12.8 12.8zm-192 0h22.4c6.4 0 12.8-6.4 12.8-12.8V140.8c0-6.4-6.4-12.8-12.8-12.8h-22.4c-6.4 0-12.8 6.4-12.8 12.8v198.4c0 6.4 6.4 12.8 12.8 12.8zm96 0h22.4c6.4 0 12.8-6.4 12.8-12.8V204.8c0-6.4-6.4-12.8-12.8-12.8h-22.4c-6.4 0-12.8 6.4-12.8 12.8v134.4c0 6.4 6.4 12.8 12.8 12.8zM496 400H48V80c0-8.84-7.16-16-16-16H16C7.16 64 0 71.16 0 80v336c0 17.67 14.33 32 32 32h464c8.84 0 16-7.16 16-16v-16c0-8.84-7.16-16-16-16zm-387.2-48h22.4c6.4 0 12.8-6.4 12.8-12.8v-70.4c0-6.4-6.4-12.8-12.8-12.8h-22.4c-6.4 0-12.8 6.4-12.8 12.8v70.4c0 6.4 6.4 12.8 12.8 12.8z\" class=\"\"><\/path><\/svg><\/i> <img loading=\"lazy\" decoding=\"async\" width=\"16\" height=\"16\" alt=\"Loading\" src=\"https:\/\/apsmuniarica.cl\/web\/wp-content\/plugins\/page-views-count\/ajax-loader-2x.gif\" border=0 \/><\/p><div class=\"pvc_clear\"><\/div>","protected":false},"excerpt":{"rendered":"<p>Posta de Salud Rural Poconchile Encargado Srta. Claudia Alejandra Fuentes Loo Tel\u00e9fono de contacto 56966913862 Direcci\u00f3n Kil\u00f3metro 27 ruta internacional 11-CH Poblado Poconchile Horario de Atenci\u00f3n Lunes a Jueves: 08:00&hellip;&nbsp;<a href=\"https:\/\/apsmuniarica.cl\/web\/posta-de-salud-rural-poconchile-disam\/\" rel=\"bookmark\">Leer m\u00e1s &raquo;<span class=\"screen-reader-text\">Posta de Salud Rural Poconchile<\/span><\/a><\/p>\n","protected":false},"author":1,"featured_media":0,"parent":0,"menu_order":0,"comment_status":"closed","ping_status":"closed","template":"","meta":{"neve_meta_sidebar":"","neve_meta_container":"contained","neve_meta_enable_content_width":"on","neve_meta_content_width":90,"neve_meta_title_alignment":"center","neve_meta_author_avatar":"","neve_post_elements_order":"","neve_meta_disable_header":"","neve_meta_disable_footer":"","neve_meta_disable_title":"on","pgc_sgb_lightbox_settings":"","footnotes":""},"class_list":["post-865","page","type-page","status-publish","hentry"],"_links":{"self":[{"href":"https:\/\/apsmuniarica.cl\/web\/wp-json\/wp\/v2\/pages\/865","targetHints":{"allow":["GET"]}}],"collection":[{"href":"https:\/\/apsmuniarica.cl\/web\/wp-json\/wp\/v2\/pages"}],"about":[{"href":"https:\/\/apsmuniarica.cl\/web\/wp-json\/wp\/v2\/types\/page"}],"author":[{"embeddable":true,"href":"https:\/\/apsmuniarica.cl\/web\/wp-json\/wp\/v2\/users\/1"}],"replies":[{"embeddable":true,"href":"https:\/\/apsmuniarica.cl\/web\/wp-json\/wp\/v2\/comments?post=865"}],"version-history":[{"count":32,"href":"https:\/\/apsmuniarica.cl\/web\/wp-json\/wp\/v2\/pages\/865\/revisions"}],"predecessor-version":[{"id":15323,"href":"https:\/\/apsmuniarica.cl\/web\/wp-json\/wp\/v2\/pages\/865\/revisions\/15323"}],"wp:attachment":[{"href":"https:\/\/apsmuniarica.cl\/web\/wp-json\/wp\/v2\/media?parent=865"}],"curies":[{"name":"wp","href":"https:\/\/api.w.org\/{rel}","templated":true}]}}