{"id":861,"date":"2022-08-31T16:33:45","date_gmt":"2022-08-31T20:33:45","guid":{"rendered":"http:\/\/192.168.1.85\/wordpress\/?page_id=861"},"modified":"2026-01-22T16:58:37","modified_gmt":"2026-01-22T19:58:37","slug":"posta-rural-de-san-miguel-de-azapa-disam","status":"publish","type":"page","link":"https:\/\/apsmuniarica.cl\/web\/posta-rural-de-san-miguel-de-azapa-disam\/","title":{"rendered":"Posta Rural San Miguel de Azapa"},"content":{"rendered":"\n<div style=\"height:50px\" aria-hidden=\"true\" class=\"wp-block-spacer\"><\/div>\n\n\n\n<h1 class=\"wp-block-heading alignwide has-text-align-center has-neve-link-color-color has-text-color has-x-large-font-size\">Posta Rural San Miguel de Azapa<\/h1>\n\n\n\n<div style=\"height:50px\" aria-hidden=\"true\" class=\"wp-block-spacer\"><\/div>\n\n\n\n<div class=\"wp-block-columns is-layout-flex wp-container-core-columns-is-layout-9d6595d7 wp-block-columns-is-layout-flex\">\n<div class=\"wp-block-column is-layout-flow wp-block-column-is-layout-flow\" style=\"flex-basis:20%\">\n<h1 class=\"wp-block-heading has-text-align-center has-neve-link-color-color has-text-color has-large-font-size\">Encargado<\/h1>\n\n\n\n<p class=\"has-text-align-center has-medium-font-size\">Srta. Claudia Alejandra Fuentes Loo<\/p>\n\n\n\n<h1 class=\"wp-block-heading has-text-align-center has-neve-link-color-color has-text-color has-large-font-size\">Tel\u00e9fono <\/h1>\n\n\n\n<p class=\"has-text-align-center has-medium-font-size\">56233250247<\/p>\n\n\n\n<h1 class=\"wp-block-heading has-text-align-center has-neve-link-color-color has-text-color has-large-font-size\">Tel\u00e9fono Procedimientos<\/h1>\n\n\n\n<p class=\"has-text-align-center has-medium-font-size\">56233250251<\/p>\n<\/div>\n\n\n\n<div class=\"wp-block-column is-layout-flow wp-block-column-is-layout-flow\" style=\"flex-basis:20%\">\n<h1 class=\"wp-block-heading has-text-align-center has-neve-link-color-color has-text-color has-large-font-size\">Direcci\u00f3n<\/h1>\n\n\n\n<p class=\"has-text-align-center has-medium-font-size\">kil\u00f3metro 12 ruta A-27<\/p>\n\n\n\n<p class=\"has-text-align-center has-medium-font-size\">Poblado San Miguel de Azapa<\/p>\n\n\n\n<h1 class=\"wp-block-heading has-text-align-center has-neve-link-color-color has-text-color has-large-font-size\">Horario de Atenci\u00f3n<\/h1>\n\n\n\n<p class=\"has-text-align-center has-medium-font-size\">Lunes a Jueves: 08:00 a 17:00 horas<\/p>\n\n\n\n<p class=\"has-text-align-center has-medium-font-size\">Viernes: 08:00 a 16:00 horas <\/p>\n\n\n\n<p class=\"has-text-align-center has-medium-font-size\">S\u00e1bados: 08:00 a 13:00 horas<\/p>\n<\/div>\n\n\n\n<div class=\"wp-block-column is-layout-flow wp-block-column-is-layout-flow\">\n<h1 class=\"wp-block-heading has-text-align-center has-neve-link-color-color has-text-color has-large-font-size\">Horario Extensi\u00f3n por APS Universal<\/h1>\n\n\n\n<p class=\"has-text-align-center has-medium-font-size\">Lunes a Jueves: 17:00 a 20:00 horas<\/p>\n\n\n\n<p class=\"has-text-align-center has-medium-font-size\">Viernes: 16:00 a 20:00 horas<\/p>\n\n\n\n<h1 class=\"wp-block-heading has-text-align-center has-neve-link-color-color has-text-color has-large-font-size\">Horario de atenci\u00f3n urgencia b\u00e1sica<\/h1>\n\n\n\n<p class=\"has-text-align-center has-medium-font-size\">24 horas<\/p>\n<\/div>\n\n\n\n<div class=\"wp-block-column is-layout-flow wp-block-column-is-layout-flow\">\n<iframe src=\"https:\/\/www.google.com\/maps\/embed?pb=!1m14!1m8!1m3!1d7566.458438933908!2d-70.178521!3d-18.518541!3m2!1i1024!2i768!4f13.1!3m3!1m2!1s0x0%3A0x225f29941439d1b8!2sPosta%20Rural%20de%20San%20Miguel%20de%20Azapa!5e0!3m2!1ses-419!2scl!4v1668610773605!5m2!1ses-419!2scl\" width=\"1024\" height=\"450\" style=\"border:0;\" allowfullscreen=\"\" loading=\"lazy\" referrerpolicy=\"no-referrer-when-downgrade\"><\/iframe>\n\n\n\n<div style=\"height:50px\" aria-hidden=\"true\" class=\"wp-block-spacer\"><\/div>\n<\/div>\n<\/div>\n\n\n\n<div class=\"wp-block-columns is-layout-flex wp-container-core-columns-is-layout-9d6595d7 wp-block-columns-is-layout-flex\">\n<div class=\"wp-block-column has-nv-light-bg-background-color has-background is-layout-flow wp-block-column-is-layout-flow\">\n<h1 class=\"wp-block-heading has-text-align-center has-text-color has-large-font-size\" style=\"color:#ff9900\">Nota<\/h1>\n\n\n\n<p class=\"has-text-align-center has-medium-font-size\">Atenci\u00f3n de Urgencia B\u00e1sica por Video llamada hacia un centro de mayor resoluci\u00f3n SAR O SAPU<\/p>\n<\/div>\n<\/div>\n\n\n<div class=\"pgc-sgb-cb wp-block-pgcsimplygalleryblock-slider \" data-gallery-id=\"8a528033\"style=&quot;min-height:400px&quot;><div class=\"sgb-preloader\" id=\"pr_8a528033\">\n\t<div class=\"sgb-square\" style=\"background:#d4d4d4\"><\/div>\n\t<div class=\"sgb-square\" style=\"background:#d4d4d4\"><\/div>\n\t<div class=\"sgb-square\" style=\"background:#d4d4d4\"><\/div>\n\t<div class=\"sgb-square\" style=\"background:#d4d4d4\"><\/div><\/div><div class=\"simply-gallery-amp pgc_sgb_slider \"><noscript><div class=\"sgb-gallery\"><div class=\"sgb-item\"><a href=\"https:\/\/apsmuniarica.cl\/web\/posta-rural-de-san-miguel-de-azapa-disam\/img_0209\/\" target=\"_blank\"><img decoding=\"async\" alt=\"\" width=\"300\" height=\"200\" loading=\"lazy\" src=\"https:\/\/apsmuniarica.cl\/web\/wp-content\/uploads\/2023\/04\/IMG_0209-300x200.jpg\" srcset=\"https:\/\/apsmuniarica.cl\/web\/wp-content\/uploads\/2023\/04\/IMG_0209-300x200.jpg 300w,https:\/\/apsmuniarica.cl\/web\/wp-content\/uploads\/2023\/04\/IMG_0209-1024x683.jpg 1024w,https:\/\/apsmuniarica.cl\/web\/wp-content\/uploads\/2023\/04\/IMG_0209-scaled.jpg 2560w\" sizes=\"auto, 250px\"\/><\/a><\/div><div class=\"sgb-item\"><a href=\"https:\/\/apsmuniarica.cl\/web\/posta-rural-de-san-miguel-de-azapa-disam\/img_0194\/\" target=\"_blank\"><img decoding=\"async\" alt=\"\" width=\"300\" height=\"200\" loading=\"lazy\" src=\"https:\/\/apsmuniarica.cl\/web\/wp-content\/uploads\/2023\/04\/IMG_0194-300x200.jpg\" srcset=\"https:\/\/apsmuniarica.cl\/web\/wp-content\/uploads\/2023\/04\/IMG_0194-300x200.jpg 300w,https:\/\/apsmuniarica.cl\/web\/wp-content\/uploads\/2023\/04\/IMG_0194-1024x683.jpg 1024w,https:\/\/apsmuniarica.cl\/web\/wp-content\/uploads\/2023\/04\/IMG_0194-scaled.jpg 2560w\" sizes=\"auto, 250px\"\/><\/a><\/div><div class=\"sgb-item\"><a href=\"https:\/\/apsmuniarica.cl\/web\/posta-rural-de-san-miguel-de-azapa-disam\/img_0200\/\" target=\"_blank\"><img decoding=\"async\" alt=\"\" width=\"300\" height=\"200\" loading=\"lazy\" src=\"https:\/\/apsmuniarica.cl\/web\/wp-content\/uploads\/2023\/04\/IMG_0200-300x200.jpg\" srcset=\"https:\/\/apsmuniarica.cl\/web\/wp-content\/uploads\/2023\/04\/IMG_0200-300x200.jpg 300w,https:\/\/apsmuniarica.cl\/web\/wp-content\/uploads\/2023\/04\/IMG_0200-1024x683.jpg 1024w,https:\/\/apsmuniarica.cl\/web\/wp-content\/uploads\/2023\/04\/IMG_0200-scaled.jpg 2560w\" sizes=\"auto, 250px\"\/><\/a><\/div><\/div><\/noscript><\/div><script type=\"application\/json\" class=\"sgb-data\">{\"sliderAdminWidth\":1700,\"sliderNextPrevNavigation\":false,\"sliderThumbsNavi\":false,\"galleryType\":\"pgc_sgb_slider\",\"galleryId\":\"8a528033\",\"images\":[{\"id\":7974,\"title\":\"IMG_0209\",\"url\":\"https:\/\/apsmuniarica.cl\/web\/wp-content\/uploads\/2023\/04\/IMG_0209-scaled.jpg\",\"link\":\"https:\/\/apsmuniarica.cl\/web\/posta-rural-de-san-miguel-de-azapa-disam\/img_0209\/\",\"alt\":\"\",\"description\":\"\",\"caption\":\"\",\"mime\":\"image\/jpeg\",\"type\":\"image\",\"width\":2560,\"height\":1707,\"sizes\":{\"thumbnail\":{\"height\":150,\"width\":150,\"url\":\"https:\/\/apsmuniarica.cl\/web\/wp-content\/uploads\/2023\/04\/IMG_0209-150x150.jpg\",\"orientation\":\"landscape\"},\"medium\":{\"height\":200,\"width\":300,\"url\":\"https:\/\/apsmuniarica.cl\/web\/wp-content\/uploads\/2023\/04\/IMG_0209-300x200.jpg\",\"orientation\":\"landscape\"},\"large\":{\"height\":683,\"width\":1024,\"url\":\"https:\/\/apsmuniarica.cl\/web\/wp-content\/uploads\/2023\/04\/IMG_0209-1024x683.jpg\",\"orientation\":\"landscape\"},\"full\":{\"url\":\"https:\/\/apsmuniarica.cl\/web\/wp-content\/uploads\/2023\/04\/IMG_0209-scaled.jpg\",\"height\":1707,\"width\":2560,\"orientation\":\"landscape\"}},\"meta\":false,\"postlink\":\"https:\/\/apsmuniarica.cl\/web\/posta-rural-de-san-miguel-de-azapa-disam\/img_0209\/\"},{\"id\":7971,\"title\":\"IMG_0194\",\"url\":\"https:\/\/apsmuniarica.cl\/web\/wp-content\/uploads\/2023\/04\/IMG_0194-scaled.jpg\",\"link\":\"https:\/\/apsmuniarica.cl\/web\/posta-rural-de-san-miguel-de-azapa-disam\/img_0194\/\",\"alt\":\"\",\"description\":\"\",\"caption\":\"\",\"mime\":\"image\/jpeg\",\"type\":\"image\",\"width\":2560,\"height\":1707,\"sizes\":{\"thumbnail\":{\"height\":150,\"width\":150,\"url\":\"https:\/\/apsmuniarica.cl\/web\/wp-content\/uploads\/2023\/04\/IMG_0194-150x150.jpg\",\"orientation\":\"landscape\"},\"medium\":{\"height\":200,\"width\":300,\"url\":\"https:\/\/apsmuniarica.cl\/web\/wp-content\/uploads\/2023\/04\/IMG_0194-300x200.jpg\",\"orientation\":\"landscape\"},\"large\":{\"height\":683,\"width\":1024,\"url\":\"https:\/\/apsmuniarica.cl\/web\/wp-content\/uploads\/2023\/04\/IMG_0194-1024x683.jpg\",\"orientation\":\"landscape\"},\"full\":{\"url\":\"https:\/\/apsmuniarica.cl\/web\/wp-content\/uploads\/2023\/04\/IMG_0194-scaled.jpg\",\"height\":1707,\"width\":2560,\"orientation\":\"landscape\"}},\"meta\":false,\"postlink\":\"https:\/\/apsmuniarica.cl\/web\/posta-rural-de-san-miguel-de-azapa-disam\/img_0194\/\"},{\"id\":7973,\"title\":\"IMG_0200\",\"url\":\"https:\/\/apsmuniarica.cl\/web\/wp-content\/uploads\/2023\/04\/IMG_0200-scaled.jpg\",\"link\":\"https:\/\/apsmuniarica.cl\/web\/posta-rural-de-san-miguel-de-azapa-disam\/img_0200\/\",\"alt\":\"\",\"description\":\"\",\"caption\":\"\",\"mime\":\"image\/jpeg\",\"type\":\"image\",\"width\":2560,\"height\":1707,\"sizes\":{\"thumbnail\":{\"height\":150,\"width\":150,\"url\":\"https:\/\/apsmuniarica.cl\/web\/wp-content\/uploads\/2023\/04\/IMG_0200-150x150.jpg\",\"orientation\":\"landscape\"},\"medium\":{\"height\":200,\"width\":300,\"url\":\"https:\/\/apsmuniarica.cl\/web\/wp-content\/uploads\/2023\/04\/IMG_0200-300x200.jpg\",\"orientation\":\"landscape\"},\"large\":{\"height\":683,\"width\":1024,\"url\":\"https:\/\/apsmuniarica.cl\/web\/wp-content\/uploads\/2023\/04\/IMG_0200-1024x683.jpg\",\"orientation\":\"landscape\"},\"full\":{\"url\":\"https:\/\/apsmuniarica.cl\/web\/wp-content\/uploads\/2023\/04\/IMG_0200-scaled.jpg\",\"height\":1707,\"width\":2560,\"orientation\":\"landscape\"}},\"meta\":false,\"postlink\":\"https:\/\/apsmuniarica.cl\/web\/posta-rural-de-san-miguel-de-azapa-disam\/img_0200\/\"}],\"sliderItemTitleFontSize\":20,\"sliderSlideshow\":false,\"sliderZoomEnable\":false,\"openPopupId\":\"\",\"itemsMetaDataCollection\":[]}<\/script><script>(function(){if(window.PGC_SGB && window.PGC_SGB.searcher){window.PGC_SGB.searcher.initBlocks()}})()<\/script><\/div>\n\n\n<div style=\"height:100px\" aria-hidden=\"true\" class=\"wp-block-spacer\"><\/div>\n<div class=\"pvc_clear\"><\/div><p id=\"pvc_stats_861\" class=\"pvc_stats total_only  \" data-element-id=\"861\" style=\"\"><i class=\"pvc-stats-icon medium\" aria-hidden=\"true\"><svg aria-hidden=\"true\" focusable=\"false\" data-prefix=\"far\" data-icon=\"chart-bar\" role=\"img\" xmlns=\"http:\/\/www.w3.org\/2000\/svg\" viewBox=\"0 0 512 512\" class=\"svg-inline--fa fa-chart-bar fa-w-16 fa-2x\"><path fill=\"currentColor\" d=\"M396.8 352h22.4c6.4 0 12.8-6.4 12.8-12.8V108.8c0-6.4-6.4-12.8-12.8-12.8h-22.4c-6.4 0-12.8 6.4-12.8 12.8v230.4c0 6.4 6.4 12.8 12.8 12.8zm-192 0h22.4c6.4 0 12.8-6.4 12.8-12.8V140.8c0-6.4-6.4-12.8-12.8-12.8h-22.4c-6.4 0-12.8 6.4-12.8 12.8v198.4c0 6.4 6.4 12.8 12.8 12.8zm96 0h22.4c6.4 0 12.8-6.4 12.8-12.8V204.8c0-6.4-6.4-12.8-12.8-12.8h-22.4c-6.4 0-12.8 6.4-12.8 12.8v134.4c0 6.4 6.4 12.8 12.8 12.8zM496 400H48V80c0-8.84-7.16-16-16-16H16C7.16 64 0 71.16 0 80v336c0 17.67 14.33 32 32 32h464c8.84 0 16-7.16 16-16v-16c0-8.84-7.16-16-16-16zm-387.2-48h22.4c6.4 0 12.8-6.4 12.8-12.8v-70.4c0-6.4-6.4-12.8-12.8-12.8h-22.4c-6.4 0-12.8 6.4-12.8 12.8v70.4c0 6.4 6.4 12.8 12.8 12.8z\" class=\"\"><\/path><\/svg><\/i> <img loading=\"lazy\" decoding=\"async\" width=\"16\" height=\"16\" alt=\"Loading\" src=\"https:\/\/apsmuniarica.cl\/web\/wp-content\/plugins\/page-views-count\/ajax-loader-2x.gif\" border=0 \/><\/p><div class=\"pvc_clear\"><\/div>","protected":false},"excerpt":{"rendered":"<p>Posta Rural San Miguel de Azapa Encargado Srta. Claudia Alejandra Fuentes Loo Tel\u00e9fono 56233250247 Tel\u00e9fono Procedimientos 56233250251 Direcci\u00f3n kil\u00f3metro 12 ruta A-27 Poblado San Miguel de Azapa Horario de Atenci\u00f3n&hellip;&nbsp;<a href=\"https:\/\/apsmuniarica.cl\/web\/posta-rural-de-san-miguel-de-azapa-disam\/\" rel=\"bookmark\">Leer m\u00e1s &raquo;<span class=\"screen-reader-text\">Posta Rural San Miguel de Azapa<\/span><\/a><\/p>\n","protected":false},"author":1,"featured_media":0,"parent":0,"menu_order":0,"comment_status":"closed","ping_status":"closed","template":"","meta":{"neve_meta_sidebar":"","neve_meta_container":"contained","neve_meta_enable_content_width":"on","neve_meta_content_width":90,"neve_meta_title_alignment":"center","neve_meta_author_avatar":"","neve_post_elements_order":"","neve_meta_disable_header":"","neve_meta_disable_footer":"","neve_meta_disable_title":"on","pgc_sgb_lightbox_settings":"","footnotes":""},"class_list":["post-861","page","type-page","status-publish","hentry"],"_links":{"self":[{"href":"https:\/\/apsmuniarica.cl\/web\/wp-json\/wp\/v2\/pages\/861","targetHints":{"allow":["GET"]}}],"collection":[{"href":"https:\/\/apsmuniarica.cl\/web\/wp-json\/wp\/v2\/pages"}],"about":[{"href":"https:\/\/apsmuniarica.cl\/web\/wp-json\/wp\/v2\/types\/page"}],"author":[{"embeddable":true,"href":"https:\/\/apsmuniarica.cl\/web\/wp-json\/wp\/v2\/users\/1"}],"replies":[{"embeddable":true,"href":"https:\/\/apsmuniarica.cl\/web\/wp-json\/wp\/v2\/comments?post=861"}],"version-history":[{"count":38,"href":"https:\/\/apsmuniarica.cl\/web\/wp-json\/wp\/v2\/pages\/861\/revisions"}],"predecessor-version":[{"id":15318,"href":"https:\/\/apsmuniarica.cl\/web\/wp-json\/wp\/v2\/pages\/861\/revisions\/15318"}],"wp:attachment":[{"href":"https:\/\/apsmuniarica.cl\/web\/wp-json\/wp\/v2\/media?parent=861"}],"curies":[{"name":"wp","href":"https:\/\/api.w.org\/{rel}","templated":true}]}}