{"id":842,"date":"2022-08-31T16:11:38","date_gmt":"2022-08-31T20:11:38","guid":{"rendered":"http:\/\/192.168.1.85\/wordpress\/?page_id=842"},"modified":"2026-01-22T16:53:53","modified_gmt":"2026-01-22T19:53:53","slug":"cesfam-dr-victor-bertin-soto-disam","status":"publish","type":"page","link":"https:\/\/apsmuniarica.cl\/web\/cesfam-dr-victor-bertin-soto-disam\/","title":{"rendered":"CESFAM Dr. Victor bertin Soto"},"content":{"rendered":"\n<div style=\"height:50px\" aria-hidden=\"true\" class=\"wp-block-spacer\"><\/div>\n\n\n\n<h1 class=\"wp-block-heading has-text-align-center has-neve-link-color-color has-text-color has-x-large-font-size\">CESFAM Dr. V\u00edctor Bert\u00edn Soto<\/h1>\n\n\n\n<div style=\"height:50px\" aria-hidden=\"true\" class=\"wp-block-spacer\"><\/div>\n\n\n\n<div class=\"wp-block-columns is-layout-flex wp-container-core-columns-is-layout-9d6595d7 wp-block-columns-is-layout-flex\">\n<div class=\"wp-block-column is-layout-flow wp-block-column-is-layout-flow\" style=\"flex-basis:30%\">\n<h1 class=\"wp-block-heading has-text-align-center has-neve-link-color-color has-text-color has-large-font-size\">Direcci\u00f3n<\/h1>\n\n\n\n<p class=\"has-text-align-center has-medium-font-size\">Bel\u00e9n #1635<\/p>\n\n\n\n<h1 class=\"wp-block-heading has-text-align-center has-neve-link-color-color has-text-color has-large-font-size\" style=\"text-transform:capitalize\">l\u00ednea 800<\/h1>\n\n\n\n<p class=\"has-text-align-center has-medium-font-size\">800-500-103<\/p>\n\n\n\n<h1 class=\"wp-block-heading has-text-align-center has-neve-link-color-color has-text-color has-large-font-size\">Horario de Atenci\u00f3n<\/h1>\n\n\n\n<p class=\"has-text-align-center has-medium-font-size\">Lunes A Viernes: 08:00 A 20:00 Horas<\/p>\n\n\n\n<p class=\"has-text-align-center has-medium-font-size\">S\u00e1bado: 08:00 A 17:00 Horas<\/p>\n<\/div>\n\n\n\n<div class=\"wp-block-column is-layout-flow wp-block-column-is-layout-flow\" style=\"flex-basis:35%\">\n<h1 class=\"wp-block-heading has-text-align-center has-neve-link-color-color has-text-color has-large-font-size\">Director<\/h1>\n\n\n\n<p class=\"has-text-align-center has-medium-font-size\">Sr. Pablo Lara Cisternas<\/p>\n\n\n<div class=\"wp-block-image\">\n<figure class=\"aligncenter size-full is-resized\"><img loading=\"lazy\" decoding=\"async\" width=\"1204\" height=\"1600\" src=\"https:\/\/apsmuniarica.cl\/web\/wp-content\/uploads\/2023\/11\/PABLO-LARA-VBS.jpeg\" alt=\"\" class=\"wp-image-10886\" style=\"aspect-ratio:3\/4;object-fit:cover;width:368px\" srcset=\"https:\/\/apsmuniarica.cl\/web\/wp-content\/uploads\/2023\/11\/PABLO-LARA-VBS.jpeg 1204w, https:\/\/apsmuniarica.cl\/web\/wp-content\/uploads\/2023\/11\/PABLO-LARA-VBS-226x300.jpeg 226w, https:\/\/apsmuniarica.cl\/web\/wp-content\/uploads\/2023\/11\/PABLO-LARA-VBS-771x1024.jpeg 771w, https:\/\/apsmuniarica.cl\/web\/wp-content\/uploads\/2023\/11\/PABLO-LARA-VBS-768x1021.jpeg 768w, https:\/\/apsmuniarica.cl\/web\/wp-content\/uploads\/2023\/11\/PABLO-LARA-VBS-1156x1536.jpeg 1156w\" sizes=\"auto, (max-width: 1204px) 100vw, 1204px\" \/><\/figure>\n<\/div><\/div>\n\n\n\n<div class=\"wp-block-column is-layout-flow wp-block-column-is-layout-flow\" style=\"flex-basis:35%\">\n<iframe src=\"https:\/\/www.google.com\/maps\/embed?pb=!1m18!1m12!1m3!1d3784.148489126442!2d-70.29815148450822!3d-18.476931999540444!2m3!1f0!2f0!3f0!3m2!1i1024!2i768!4f13.1!3m3!1m2!1s0x915aa9b6f2c1f79d%3A0xbecfde6c560125d4!2sBelen%201635%2C%201021208%20Arica%2C%20Arica%20y%20Parinacota!5e0!3m2!1ses!2scl!4v1668609863748!5m2!1ses!2scl\" width=\"1024\" height=\"450\" style=\"border:0;\" allowfullscreen=\"\" loading=\"lazy\" referrerpolicy=\"no-referrer-when-downgrade\"><\/iframe>\n<\/div>\n<\/div>\n\n\n\n<div style=\"height:100px\" aria-hidden=\"true\" class=\"wp-block-spacer\"><\/div>\n<div class=\"pvc_clear\"><\/div><p id=\"pvc_stats_842\" class=\"pvc_stats total_only  \" data-element-id=\"842\" style=\"\"><i class=\"pvc-stats-icon medium\" aria-hidden=\"true\"><svg aria-hidden=\"true\" focusable=\"false\" data-prefix=\"far\" data-icon=\"chart-bar\" role=\"img\" xmlns=\"http:\/\/www.w3.org\/2000\/svg\" viewBox=\"0 0 512 512\" class=\"svg-inline--fa fa-chart-bar fa-w-16 fa-2x\"><path fill=\"currentColor\" d=\"M396.8 352h22.4c6.4 0 12.8-6.4 12.8-12.8V108.8c0-6.4-6.4-12.8-12.8-12.8h-22.4c-6.4 0-12.8 6.4-12.8 12.8v230.4c0 6.4 6.4 12.8 12.8 12.8zm-192 0h22.4c6.4 0 12.8-6.4 12.8-12.8V140.8c0-6.4-6.4-12.8-12.8-12.8h-22.4c-6.4 0-12.8 6.4-12.8 12.8v198.4c0 6.4 6.4 12.8 12.8 12.8zm96 0h22.4c6.4 0 12.8-6.4 12.8-12.8V204.8c0-6.4-6.4-12.8-12.8-12.8h-22.4c-6.4 0-12.8 6.4-12.8 12.8v134.4c0 6.4 6.4 12.8 12.8 12.8zM496 400H48V80c0-8.84-7.16-16-16-16H16C7.16 64 0 71.16 0 80v336c0 17.67 14.33 32 32 32h464c8.84 0 16-7.16 16-16v-16c0-8.84-7.16-16-16-16zm-387.2-48h22.4c6.4 0 12.8-6.4 12.8-12.8v-70.4c0-6.4-6.4-12.8-12.8-12.8h-22.4c-6.4 0-12.8 6.4-12.8 12.8v70.4c0 6.4 6.4 12.8 12.8 12.8z\" class=\"\"><\/path><\/svg><\/i> <img loading=\"lazy\" decoding=\"async\" width=\"16\" height=\"16\" alt=\"Loading\" src=\"https:\/\/apsmuniarica.cl\/web\/wp-content\/plugins\/page-views-count\/ajax-loader-2x.gif\" border=0 \/><\/p><div class=\"pvc_clear\"><\/div>","protected":false},"excerpt":{"rendered":"<p>CESFAM Dr. V\u00edctor Bert\u00edn Soto Direcci\u00f3n Bel\u00e9n #1635 l\u00ednea 800 800-500-103 Horario de Atenci\u00f3n Lunes A Viernes: 08:00 A 20:00 Horas S\u00e1bado: 08:00 A 17:00 Horas Director Sr. Pablo Lara&hellip;&nbsp;<a href=\"https:\/\/apsmuniarica.cl\/web\/cesfam-dr-victor-bertin-soto-disam\/\" rel=\"bookmark\">Leer m\u00e1s &raquo;<span class=\"screen-reader-text\">CESFAM Dr. Victor bertin Soto<\/span><\/a><\/p>\n","protected":false},"author":1,"featured_media":0,"parent":0,"menu_order":0,"comment_status":"closed","ping_status":"closed","template":"","meta":{"neve_meta_sidebar":"full-width","neve_meta_container":"contained","neve_meta_enable_content_width":"on","neve_meta_content_width":90,"neve_meta_title_alignment":"center","neve_meta_author_avatar":"","neve_post_elements_order":"","neve_meta_disable_header":"","neve_meta_disable_footer":"","neve_meta_disable_title":"on","pgc_sgb_lightbox_settings":"","footnotes":""},"class_list":["post-842","page","type-page","status-publish","hentry"],"_links":{"self":[{"href":"https:\/\/apsmuniarica.cl\/web\/wp-json\/wp\/v2\/pages\/842","targetHints":{"allow":["GET"]}}],"collection":[{"href":"https:\/\/apsmuniarica.cl\/web\/wp-json\/wp\/v2\/pages"}],"about":[{"href":"https:\/\/apsmuniarica.cl\/web\/wp-json\/wp\/v2\/types\/page"}],"author":[{"embeddable":true,"href":"https:\/\/apsmuniarica.cl\/web\/wp-json\/wp\/v2\/users\/1"}],"replies":[{"embeddable":true,"href":"https:\/\/apsmuniarica.cl\/web\/wp-json\/wp\/v2\/comments?post=842"}],"version-history":[{"count":48,"href":"https:\/\/apsmuniarica.cl\/web\/wp-json\/wp\/v2\/pages\/842\/revisions"}],"predecessor-version":[{"id":15312,"href":"https:\/\/apsmuniarica.cl\/web\/wp-json\/wp\/v2\/pages\/842\/revisions\/15312"}],"wp:attachment":[{"href":"https:\/\/apsmuniarica.cl\/web\/wp-json\/wp\/v2\/media?parent=842"}],"curies":[{"name":"wp","href":"https:\/\/api.w.org\/{rel}","templated":true}]}}