{"id":4046,"date":"2022-11-16T09:57:51","date_gmt":"2022-11-16T12:57:51","guid":{"rendered":"http:\/\/172.25.33.209\/wordpress\/?page_id=4046"},"modified":"2026-01-22T22:39:55","modified_gmt":"2026-01-23T01:39:55","slug":"disam-2","status":"publish","type":"page","link":"https:\/\/apsmuniarica.cl\/web\/disam-2\/","title":{"rendered":"Direcci\u00f3n de salud municipal"},"content":{"rendered":"\n<div style=\"height:50px\" aria-hidden=\"true\" class=\"wp-block-spacer\"><\/div>\n\n\n\n<h1 class=\"wp-block-heading alignwide has-text-align-center has-text-color has-x-large-font-size\" style=\"color:#0045ad\">Direcci\u00f3n de salud municipal <\/h1>\n\n\n\n<div style=\"height:50px\" aria-hidden=\"true\" class=\"wp-block-spacer\"><\/div>\n\n\n\n<div class=\"wp-block-columns is-layout-flex wp-container-core-columns-is-layout-9d6595d7 wp-block-columns-is-layout-flex\">\n<div class=\"wp-block-column is-layout-flow wp-block-column-is-layout-flow\" style=\"flex-basis:5%\"><\/div>\n\n\n\n<div class=\"wp-block-column is-vertically-aligned-top is-layout-flow wp-block-column-is-layout-flow\" style=\"flex-basis:25%\">\n<h1 class=\"wp-block-heading has-text-align-left has-text-color has-large-font-size\" style=\"color:#0045ad\">Direcci\u00f3n DISAM<\/h1>\n\n\n\n<p class=\"has-medium-font-size\">Sra. Claudia Villegas Cort\u00e9s<\/p>\n\n\n\n<h1 class=\"wp-block-heading has-text-color has-large-font-size\" style=\"color:#0045ad\">Direcci\u00f3n<\/h1>\n\n\n\n<p class=\"has-medium-font-size\">Patricio Lynch #228<\/p>\n\n\n\n<h1 class=\"wp-block-heading has-text-color has-large-font-size\" style=\"color:#0045ad\">Secretaria<\/h1>\n\n\n\n<p class=\"has-medium-font-size\">Sra. Ang\u00e9lica Muena P\u00e1ez<\/p>\n\n\n\n<p class=\"has-medium-font-size\">secretaria.desamu@sermusarica.cl<\/p>\n\n\n\n<h1 class=\"wp-block-heading has-text-color has-large-font-size\" style=\"color:#0045ad\">Tel\u00e9fono secretaria<\/h1>\n\n\n\n<p class=\"has-medium-font-size\">233250101<\/p>\n<\/div>\n\n\n\n<div class=\"wp-block-column is-vertically-aligned-top is-layout-flow wp-block-column-is-layout-flow\" style=\"flex-basis:30%\">\n<h1 class=\"wp-block-heading has-text-color has-large-font-size\" style=\"color:#0045ad\">Encargado oficina de partes<\/h1>\n\n\n\n<p class=\"has-medium-font-size\">Sr. Marco Murillo Mu\u00f1oz<\/p>\n\n\n\n<h1 class=\"wp-block-heading has-text-color has-large-font-size\" style=\"color:#0045ad\">Tel\u00e9fono<\/h1>\n\n\n\n<p class=\"has-medium-font-size\">233250102<\/p>\n\n\n\n<h1 class=\"wp-block-heading has-text-color has-large-font-size\" style=\"color:#0045ad\">Oficina de partes<\/h1>\n\n\n\n<p class=\"has-medium-font-size\">Srta. Patricia Vildal Agurto<br>Sra. Lorena Sola Araya<br>Srta. Leticia Hernandez Gutierrez<\/p>\n\n\n\n<p class=\"has-medium-font-size\">oficina.partes@sermusarica.cl<\/p>\n\n\n\n<h2 class=\"wp-block-heading has-neve-link-color-color has-text-color has-link-color wp-elements-f452851f06951d91f07df3218af02f24\">Tel\u00e9fono<\/h2>\n\n\n\n<p class=\"has-medium-font-size\">233250315<br>233250314<\/p>\n\n\n\n<p class=\"has-medium-font-size\"><\/p>\n\n\n\n<h1 class=\"wp-block-heading has-text-color has-large-font-size\" style=\"color:#0045ad\">Horario de atenci\u00f3n<\/h1>\n\n\n\n<p class=\"has-medium-font-size\">Lunes a Jueves: 08:30 a 17:30 horas<\/p>\n\n\n\n<p class=\"has-medium-font-size\">Viernes: 08:30 a 16:30 horas<\/p>\n<\/div>\n\n\n\n<div class=\"wp-block-column is-vertically-aligned-top is-layout-flow wp-block-column-is-layout-flow\" style=\"flex-basis:40%\">\n<iframe src=\"https:\/\/www.google.com\/maps\/embed?pb=!1m18!1m12!1m3!1d236.50331566707413!2d-70.31847119263115!3d-18.48125604595656!2m3!1f0!2f0!3f0!3m2!1i1024!2i768!4f13.1!3m3!1m2!1s0x915aa9936057638d%3A0xf626b695a583e527!2sPatricio%20Lynch%20228%2C%201000000%20Arica%2C%20Arica%20y%20Parinacota!5e0!3m2!1ses!2scl!4v1753395115415!5m2!1ses!2scl\" width=\"600\" height=\"450\" style=\"border:0;\" allowfullscreen=\"\" loading=\"lazy\" referrerpolicy=\"no-referrer-when-downgrade\"><\/iframe>\n<\/div>\n\n\n\n<div class=\"wp-block-column is-layout-flow wp-block-column-is-layout-flow\" style=\"flex-basis:5%\"><\/div>\n<\/div>\n\n\n\n<div style=\"height:100px\" aria-hidden=\"true\" class=\"wp-block-spacer\"><\/div>\n<div class=\"pvc_clear\"><\/div><p id=\"pvc_stats_4046\" class=\"pvc_stats total_only  \" data-element-id=\"4046\" style=\"\"><i class=\"pvc-stats-icon medium\" aria-hidden=\"true\"><svg aria-hidden=\"true\" focusable=\"false\" data-prefix=\"far\" data-icon=\"chart-bar\" role=\"img\" xmlns=\"http:\/\/www.w3.org\/2000\/svg\" viewBox=\"0 0 512 512\" class=\"svg-inline--fa fa-chart-bar fa-w-16 fa-2x\"><path fill=\"currentColor\" d=\"M396.8 352h22.4c6.4 0 12.8-6.4 12.8-12.8V108.8c0-6.4-6.4-12.8-12.8-12.8h-22.4c-6.4 0-12.8 6.4-12.8 12.8v230.4c0 6.4 6.4 12.8 12.8 12.8zm-192 0h22.4c6.4 0 12.8-6.4 12.8-12.8V140.8c0-6.4-6.4-12.8-12.8-12.8h-22.4c-6.4 0-12.8 6.4-12.8 12.8v198.4c0 6.4 6.4 12.8 12.8 12.8zm96 0h22.4c6.4 0 12.8-6.4 12.8-12.8V204.8c0-6.4-6.4-12.8-12.8-12.8h-22.4c-6.4 0-12.8 6.4-12.8 12.8v134.4c0 6.4 6.4 12.8 12.8 12.8zM496 400H48V80c0-8.84-7.16-16-16-16H16C7.16 64 0 71.16 0 80v336c0 17.67 14.33 32 32 32h464c8.84 0 16-7.16 16-16v-16c0-8.84-7.16-16-16-16zm-387.2-48h22.4c6.4 0 12.8-6.4 12.8-12.8v-70.4c0-6.4-6.4-12.8-12.8-12.8h-22.4c-6.4 0-12.8 6.4-12.8 12.8v70.4c0 6.4 6.4 12.8 12.8 12.8z\" class=\"\"><\/path><\/svg><\/i> <img loading=\"lazy\" decoding=\"async\" width=\"16\" height=\"16\" alt=\"Loading\" src=\"https:\/\/apsmuniarica.cl\/web\/wp-content\/plugins\/page-views-count\/ajax-loader-2x.gif\" border=0 \/><\/p><div class=\"pvc_clear\"><\/div>","protected":false},"excerpt":{"rendered":"<p>Direcci\u00f3n de salud municipal Direcci\u00f3n DISAM Sra. Claudia Villegas Cort\u00e9s Direcci\u00f3n Patricio Lynch #228 Secretaria Sra. Ang\u00e9lica Muena P\u00e1ez secretaria.desamu@sermusarica.cl Tel\u00e9fono secretaria 233250101 Encargado oficina de partes Sr. Marco Murillo&hellip;&nbsp;<a href=\"https:\/\/apsmuniarica.cl\/web\/disam-2\/\" rel=\"bookmark\">Leer m\u00e1s &raquo;<span class=\"screen-reader-text\">Direcci\u00f3n de salud municipal<\/span><\/a><\/p>\n","protected":false},"author":1,"featured_media":0,"parent":0,"menu_order":0,"comment_status":"closed","ping_status":"closed","template":"","meta":{"neve_meta_sidebar":"","neve_meta_container":"contained","neve_meta_enable_content_width":"on","neve_meta_content_width":90,"neve_meta_title_alignment":"center","neve_meta_author_avatar":"","neve_post_elements_order":"","neve_meta_disable_header":"","neve_meta_disable_footer":"","neve_meta_disable_title":"","pgc_sgb_lightbox_settings":"","footnotes":""},"class_list":["post-4046","page","type-page","status-publish","hentry"],"_links":{"self":[{"href":"https:\/\/apsmuniarica.cl\/web\/wp-json\/wp\/v2\/pages\/4046","targetHints":{"allow":["GET"]}}],"collection":[{"href":"https:\/\/apsmuniarica.cl\/web\/wp-json\/wp\/v2\/pages"}],"about":[{"href":"https:\/\/apsmuniarica.cl\/web\/wp-json\/wp\/v2\/types\/page"}],"author":[{"embeddable":true,"href":"https:\/\/apsmuniarica.cl\/web\/wp-json\/wp\/v2\/users\/1"}],"replies":[{"embeddable":true,"href":"https:\/\/apsmuniarica.cl\/web\/wp-json\/wp\/v2\/comments?post=4046"}],"version-history":[{"count":99,"href":"https:\/\/apsmuniarica.cl\/web\/wp-json\/wp\/v2\/pages\/4046\/revisions"}],"predecessor-version":[{"id":15348,"href":"https:\/\/apsmuniarica.cl\/web\/wp-json\/wp\/v2\/pages\/4046\/revisions\/15348"}],"wp:attachment":[{"href":"https:\/\/apsmuniarica.cl\/web\/wp-json\/wp\/v2\/media?parent=4046"}],"curies":[{"name":"wp","href":"https:\/\/api.w.org\/{rel}","templated":true}]}}