{"id":3146,"date":"2022-09-24T10:09:00","date_gmt":"2022-09-24T13:09:00","guid":{"rendered":"http:\/\/172.25.33.209\/wordpress\/?page_id=3146"},"modified":"2023-03-10T10:26:27","modified_gmt":"2023-03-10T13:26:27","slug":"licencias-y-contacto","status":"publish","type":"page","link":"https:\/\/apsmuniarica.cl\/web\/licencias-y-contacto\/","title":{"rendered":"Licencias y Contacto"},"content":{"rendered":"\n<div style=\"height:25px\" aria-hidden=\"true\" class=\"wp-block-spacer\"><\/div>\n\n\n\n<h2 class=\"has-text-align-center has-neve-link-color-color has-text-color wp-block-heading\">Implementado y Desarrollado<\/h2>\n\n\n\n<div style=\"height:25px\" aria-hidden=\"true\" class=\"wp-block-spacer\"><\/div>\n\n\n\n<div class=\"wp-block-columns is-layout-flex wp-container-core-columns-is-layout-9d6595d7 wp-block-columns-is-layout-flex\">\n<div class=\"wp-block-column is-vertically-aligned-center is-layout-flow wp-block-column-is-layout-flow\">\n<p class=\"has-text-align-center has-neve-link-color-color has-text-color\"><strong>Secci\u00f3n de inform\u00e1tica y sistemas<\/strong><\/p>\n\n\n\n<p class=\"has-text-align-center has-neve-link-color-color has-text-color\">Mulchen #855, Arica Tel\u00e9fono: (56-58) 233250148<\/p>\n\n\n\n<p class=\"has-text-align-center has-neve-link-color-color has-text-color\"><strong>DISAM<\/strong><\/p>\n<\/div>\n<\/div>\n\n\n\n<div class=\"wp-block-columns alignwide are-vertically-aligned-center is-layout-flex wp-container-core-columns-is-layout-9d6595d7 wp-block-columns-is-layout-flex\">\n<div class=\"wp-block-column is-vertically-aligned-center is-layout-flow wp-block-column-is-layout-flow\"><div class=\"wp-block-image\">\n<figure class=\"aligncenter size-full\"><img loading=\"lazy\" decoding=\"async\" width=\"273\" height=\"80\" src=\"https:\/\/apsmuniarica.cl\/web\/wp-content\/uploads\/2022\/09\/blanco2.png\" alt=\"\" class=\"wp-image-2764\"\/><\/figure>\n<\/div><\/div>\n\n\n\n<div class=\"wp-block-column is-layout-flow wp-block-column-is-layout-flow\"><div class=\"wp-block-image\">\n<figure class=\"aligncenter size-full is-resized\"><img loading=\"lazy\" decoding=\"async\" src=\"https:\/\/apsmuniarica.cl\/web\/wp-content\/uploads\/2023\/01\/arica-logo-300x231-1.png\" alt=\"\" class=\"wp-image-6152\" width=\"225\" height=\"173\"\/><\/figure>\n<\/div><\/div>\n<\/div>\n<div class=\"pvc_clear\"><\/div><p id=\"pvc_stats_3146\" class=\"pvc_stats total_only  \" data-element-id=\"3146\" style=\"\"><i class=\"pvc-stats-icon medium\" aria-hidden=\"true\"><svg aria-hidden=\"true\" focusable=\"false\" data-prefix=\"far\" data-icon=\"chart-bar\" role=\"img\" xmlns=\"http:\/\/www.w3.org\/2000\/svg\" viewBox=\"0 0 512 512\" class=\"svg-inline--fa fa-chart-bar fa-w-16 fa-2x\"><path fill=\"currentColor\" d=\"M396.8 352h22.4c6.4 0 12.8-6.4 12.8-12.8V108.8c0-6.4-6.4-12.8-12.8-12.8h-22.4c-6.4 0-12.8 6.4-12.8 12.8v230.4c0 6.4 6.4 12.8 12.8 12.8zm-192 0h22.4c6.4 0 12.8-6.4 12.8-12.8V140.8c0-6.4-6.4-12.8-12.8-12.8h-22.4c-6.4 0-12.8 6.4-12.8 12.8v198.4c0 6.4 6.4 12.8 12.8 12.8zm96 0h22.4c6.4 0 12.8-6.4 12.8-12.8V204.8c0-6.4-6.4-12.8-12.8-12.8h-22.4c-6.4 0-12.8 6.4-12.8 12.8v134.4c0 6.4 6.4 12.8 12.8 12.8zM496 400H48V80c0-8.84-7.16-16-16-16H16C7.16 64 0 71.16 0 80v336c0 17.67 14.33 32 32 32h464c8.84 0 16-7.16 16-16v-16c0-8.84-7.16-16-16-16zm-387.2-48h22.4c6.4 0 12.8-6.4 12.8-12.8v-70.4c0-6.4-6.4-12.8-12.8-12.8h-22.4c-6.4 0-12.8 6.4-12.8 12.8v70.4c0 6.4 6.4 12.8 12.8 12.8z\" class=\"\"><\/path><\/svg><\/i> <img loading=\"lazy\" decoding=\"async\" width=\"16\" height=\"16\" alt=\"Loading\" src=\"https:\/\/apsmuniarica.cl\/web\/wp-content\/plugins\/page-views-count\/ajax-loader-2x.gif\" border=0 \/><\/p><div class=\"pvc_clear\"><\/div>","protected":false},"excerpt":{"rendered":"<p>Implementado y Desarrollado Secci\u00f3n de inform\u00e1tica y sistemas Mulchen #855, Arica Tel\u00e9fono: (56-58) 233250148 DISAM<\/p>\n","protected":false},"author":1,"featured_media":0,"parent":0,"menu_order":0,"comment_status":"closed","ping_status":"closed","template":"","meta":{"neve_meta_sidebar":"","neve_meta_container":"contained","neve_meta_enable_content_width":"off","neve_meta_content_width":70,"neve_meta_title_alignment":"left","neve_meta_author_avatar":"","neve_post_elements_order":"","neve_meta_disable_header":"","neve_meta_disable_footer":"","neve_meta_disable_title":"","pgc_sgb_lightbox_settings":"","footnotes":""},"class_list":["post-3146","page","type-page","status-publish","hentry"],"_links":{"self":[{"href":"https:\/\/apsmuniarica.cl\/web\/wp-json\/wp\/v2\/pages\/3146","targetHints":{"allow":["GET"]}}],"collection":[{"href":"https:\/\/apsmuniarica.cl\/web\/wp-json\/wp\/v2\/pages"}],"about":[{"href":"https:\/\/apsmuniarica.cl\/web\/wp-json\/wp\/v2\/types\/page"}],"author":[{"embeddable":true,"href":"https:\/\/apsmuniarica.cl\/web\/wp-json\/wp\/v2\/users\/1"}],"replies":[{"embeddable":true,"href":"https:\/\/apsmuniarica.cl\/web\/wp-json\/wp\/v2\/comments?post=3146"}],"version-history":[{"count":49,"href":"https:\/\/apsmuniarica.cl\/web\/wp-json\/wp\/v2\/pages\/3146\/revisions"}],"predecessor-version":[{"id":7494,"href":"https:\/\/apsmuniarica.cl\/web\/wp-json\/wp\/v2\/pages\/3146\/revisions\/7494"}],"wp:attachment":[{"href":"https:\/\/apsmuniarica.cl\/web\/wp-json\/wp\/v2\/media?parent=3146"}],"curies":[{"name":"wp","href":"https:\/\/api.w.org\/{rel}","templated":true}]}}