{"id":14609,"date":"2025-09-24T10:55:32","date_gmt":"2025-09-24T13:55:32","guid":{"rendered":"https:\/\/apsmuniarica.cl\/web\/?page_id=14609"},"modified":"2025-10-14T11:39:26","modified_gmt":"2025-10-14T14:39:26","slug":"valores","status":"publish","type":"page","link":"https:\/\/apsmuniarica.cl\/web\/valores\/","title":{"rendered":"Valores"},"content":{"rendered":"\n<div style=\"height:100px\" aria-hidden=\"true\" class=\"wp-block-spacer\"><\/div>\n\n\n\n<h1 class=\"wp-block-heading has-text-align-center has-neve-link-color-color has-text-color has-link-color wp-elements-b04cf22cce54100ee8778dc81d7c5cc4\">Valores<\/h1>\n\n\n\n<div style=\"height:100px\" aria-hidden=\"true\" class=\"wp-block-spacer\"><\/div>\n\n\n\n<div class=\"wp-block-columns is-layout-flex wp-container-core-columns-is-layout-9d6595d7 wp-block-columns-is-layout-flex\">\n<div class=\"wp-block-column is-vertically-aligned-top is-layout-flow wp-block-column-is-layout-flow\">\n<h2 class=\"wp-block-heading has-text-align-left has-neve-link-color-color has-text-color has-link-color wp-elements-ceade1525b6142f6795584a873650a31\">RESPETO<\/h2>\n\n\n\n<p class=\"has-text-align-left\">Reconocer y valorar a cada persona como sujeto de derechos, considerando su dignidad, diversidad y esencia.&nbsp;&nbsp;&nbsp;&nbsp;<\/p>\n<\/div>\n\n\n\n<div class=\"wp-block-column is-vertically-aligned-top is-layout-flow wp-block-column-is-layout-flow\">\n<h2 class=\"wp-block-heading has-text-align-left has-neve-link-color-color has-text-color has-link-color wp-elements-603db3ee9977c53a1bfa3db91c408ccf\">COMPROMISO<\/h2>\n\n\n\n<p class=\"has-text-align-left\">Es el v\u00ednculo reciproco entre el funcionario y la instituci\u00f3n, que impulsa la vocaci\u00f3n de servicio, dedicaci\u00f3n y responsabilidad en el quehacer institucional, resguardando el bienestar de los equipos y promoviendo el desarrollo laboral como parte fundamental del servicio p\u00fablico.<\/p>\n<\/div>\n\n\n\n<div class=\"wp-block-column is-vertically-aligned-top is-layout-flow wp-block-column-is-layout-flow\">\n<h2 class=\"wp-block-heading has-text-align-left has-neve-link-color-color has-text-color has-link-color wp-elements-df40581c86fd397d068d88caeef85437\">TRABAJO EN EQUIPO<\/h2>\n\n\n\n<p class=\"has-text-align-left\">Colaboraci\u00f3n activa, emp\u00e1tica y coordinada entre funcionarios de todas las \u00e1reas y niveles jer\u00e1rquicos, basada en la comunicaci\u00f3n efectiva, el respeto mutuo, la solidaridad y la transparencia, que permita alcanzar los objetivos comunes de la instituci\u00f3n.<\/p>\n<\/div>\n\n\n\n<div class=\"wp-block-column is-layout-flow wp-block-column-is-layout-flow\">\n<h2 class=\"wp-block-heading has-text-align-left has-neve-link-color-color has-text-color has-link-color wp-elements-a9178b9890d52a6841883a9f520f4570\">CONFIANZA<\/h2>\n\n\n\n<p class=\"has-text-align-left\">Es la base de relaciones s\u00f3lidas dentro de los equipos y con la comunidad. Se construye reconociendo las capacidades, compromiso y conocimientos de las personas, fomentando la coherencia entre lo que se declara y lo que efectivamente se cumple, basado en el respeto, la autonom\u00eda y la valoraci\u00f3n mutua.<\/p>\n<\/div>\n<\/div>\n\n\n\n<div class=\"wp-block-columns is-layout-flex wp-container-core-columns-is-layout-9d6595d7 wp-block-columns-is-layout-flex\">\n<div class=\"wp-block-column is-layout-flow wp-block-column-is-layout-flow\">\n<h2 class=\"wp-block-heading has-text-align-left has-neve-link-color-color has-text-color has-link-color wp-elements-d239832372fd64c2d84db934ef2a26cb\">TRANSPARENCIA<\/h2>\n\n\n\n<p class=\"has-text-align-left\">Actuar con claridad, veracidad y coherencia, fortaleciendo la confianza tanto dentro del equipo de salud como con la comunidad.<\/p>\n<\/div>\n\n\n\n<div class=\"wp-block-column is-layout-flow wp-block-column-is-layout-flow\">\n<h2 class=\"wp-block-heading has-text-align-left has-neve-link-color-color has-text-color has-link-color wp-elements-711eff1f1accfdd6ec98d8d65cb23a98\">CALIDAD DE LA ATENCI\u00d3N<\/h2>\n\n\n\n<p class=\"has-text-align-left\">Brindar atenci\u00f3n segura, oportuna y centrada en las personas, aplicando buenas pr\u00e1cticas, procedimientos estandarizados y mejora continua. Este valor busca satisfacer de forma integral las necesidades de salud de la comunidad, con base en el marco normativo y altos est\u00e1ndares profesionales.&nbsp;<\/p>\n<\/div>\n\n\n\n<div class=\"wp-block-column is-layout-flow wp-block-column-is-layout-flow\">\n<h2 class=\"wp-block-heading has-text-align-left has-neve-link-color-color has-text-color has-link-color wp-elements-46bdc751f8fcaa0a1d0754b61b7336e9\">PROBIDAD<\/h2>\n\n\n\n<p class=\"has-text-align-left\">Actuar con integridad, honestidad y \u00e9tica, priorizando siempre los intereses institucionales por sobre los personales. Implica cumplir de manera ejemplar las directrices de la instituci\u00f3n, evitar conflictos de inter\u00e9s, hacer un uso adecuado de los recursos p\u00fablicos y ejercer con responsabilidad el rol de funcionario p\u00fablico en todo momento.&nbsp;&nbsp;&nbsp;&nbsp;<\/p>\n<\/div>\n\n\n\n<div class=\"wp-block-column is-layout-flow wp-block-column-is-layout-flow\"><\/div>\n<\/div>\n\n\n<div class=\"pgc-sgb-cb wp-block-pgcsimplygalleryblock-justified \" data-gallery-id=\"28d11191\"><div class=\"sgb-preloader\" id=\"pr_28d11191\">\n\t<div class=\"sgb-square\" style=\"background:#d4d4d4\"><\/div>\n\t<div class=\"sgb-square\" style=\"background:#d4d4d4\"><\/div>\n\t<div class=\"sgb-square\" style=\"background:#d4d4d4\"><\/div>\n\t<div class=\"sgb-square\" style=\"background:#d4d4d4\"><\/div><\/div><div class=\"simply-gallery-amp pgc_sgb_slider \"><noscript><div class=\"sgb-gallery\"><div class=\"sgb-item\"><a href=\"https:\/\/apsmuniarica.cl\/web\/rsm_aniversario-85\/\" target=\"_blank\"><img decoding=\"async\" alt=\"\" width=\"240\" height=\"300\" loading=\"lazy\" src=\"https:\/\/apsmuniarica.cl\/web\/wp-content\/uploads\/2024\/05\/RSM_Aniversario-85-240x300.jpg\" srcset=\"https:\/\/apsmuniarica.cl\/web\/wp-content\/uploads\/2024\/05\/RSM_Aniversario-85-240x300.jpg 240w,https:\/\/apsmuniarica.cl\/web\/wp-content\/uploads\/2024\/05\/RSM_Aniversario-85-819x1024.jpg 819w,https:\/\/apsmuniarica.cl\/web\/wp-content\/uploads\/2024\/05\/RSM_Aniversario-85.jpg 1080w\" sizes=\"auto, 250px\"\/><\/a><\/div><div class=\"sgb-item\"><a href=\"https:\/\/apsmuniarica.cl\/web\/actividad-8m\/disam_8m-33\/\" target=\"_blank\"><img decoding=\"async\" alt=\"\" width=\"240\" height=\"300\" loading=\"lazy\" src=\"https:\/\/apsmuniarica.cl\/web\/wp-content\/uploads\/2024\/03\/DISAM_8M-33-240x300.jpg\" srcset=\"https:\/\/apsmuniarica.cl\/web\/wp-content\/uploads\/2024\/03\/DISAM_8M-33-240x300.jpg 240w,https:\/\/apsmuniarica.cl\/web\/wp-content\/uploads\/2024\/03\/DISAM_8M-33-819x1024.jpg 819w,https:\/\/apsmuniarica.cl\/web\/wp-content\/uploads\/2024\/03\/DISAM_8M-33.jpg 1080w\" sizes=\"auto, 250px\"\/><\/a><\/div><div class=\"sgb-item\"><a href=\"https:\/\/apsmuniarica.cl\/web\/anr_operativo-18\/\" target=\"_blank\"><img decoding=\"async\" alt=\"\" width=\"240\" height=\"300\" loading=\"lazy\" src=\"https:\/\/apsmuniarica.cl\/web\/wp-content\/uploads\/2024\/06\/ANR_Operativo-18-240x300.jpg\" srcset=\"https:\/\/apsmuniarica.cl\/web\/wp-content\/uploads\/2024\/06\/ANR_Operativo-18-240x300.jpg 240w,https:\/\/apsmuniarica.cl\/web\/wp-content\/uploads\/2024\/06\/ANR_Operativo-18-819x1024.jpg 819w,https:\/\/apsmuniarica.cl\/web\/wp-content\/uploads\/2024\/06\/ANR_Operativo-18.jpg 1080w\" sizes=\"auto, 250px\"\/><\/a><\/div><div class=\"sgb-item\"><a href=\"https:\/\/apsmuniarica.cl\/web\/anr_operativo-27\/\" target=\"_blank\"><img decoding=\"async\" alt=\"\" width=\"240\" height=\"300\" loading=\"lazy\" src=\"https:\/\/apsmuniarica.cl\/web\/wp-content\/uploads\/2024\/06\/ANR_Operativo-27-240x300.jpg\" srcset=\"https:\/\/apsmuniarica.cl\/web\/wp-content\/uploads\/2024\/06\/ANR_Operativo-27-240x300.jpg 240w,https:\/\/apsmuniarica.cl\/web\/wp-content\/uploads\/2024\/06\/ANR_Operativo-27-819x1024.jpg 819w,https:\/\/apsmuniarica.cl\/web\/wp-content\/uploads\/2024\/06\/ANR_Operativo-27.jpg 1080w\" sizes=\"auto, 250px\"\/><\/a><\/div><div class=\"sgb-item\"><a href=\"https:\/\/apsmuniarica.cl\/web\/anr_operativo-26\/\" target=\"_blank\"><img decoding=\"async\" alt=\"\" width=\"240\" height=\"300\" loading=\"lazy\" src=\"https:\/\/apsmuniarica.cl\/web\/wp-content\/uploads\/2024\/06\/ANR_Operativo-26-240x300.jpg\" srcset=\"https:\/\/apsmuniarica.cl\/web\/wp-content\/uploads\/2024\/06\/ANR_Operativo-26-240x300.jpg 240w,https:\/\/apsmuniarica.cl\/web\/wp-content\/uploads\/2024\/06\/ANR_Operativo-26-819x1024.jpg 819w,https:\/\/apsmuniarica.cl\/web\/wp-content\/uploads\/2024\/06\/ANR_Operativo-26.jpg 1080w\" sizes=\"auto, 250px\"\/><\/a><\/div><div class=\"sgb-item\"><a href=\"https:\/\/apsmuniarica.cl\/web\/dir_uta-2\/\" target=\"_blank\"><img decoding=\"async\" alt=\"\" width=\"240\" height=\"300\" loading=\"lazy\" src=\"https:\/\/apsmuniarica.cl\/web\/wp-content\/uploads\/2024\/04\/DIR_uta-2-240x300.jpg\" srcset=\"https:\/\/apsmuniarica.cl\/web\/wp-content\/uploads\/2024\/04\/DIR_uta-2-240x300.jpg 240w,https:\/\/apsmuniarica.cl\/web\/wp-content\/uploads\/2024\/04\/DIR_uta-2-819x1024.jpg 819w,https:\/\/apsmuniarica.cl\/web\/wp-content\/uploads\/2024\/04\/DIR_uta-2.jpg 1080w\" sizes=\"auto, 250px\"\/><\/a><\/div><\/div><\/noscript><\/div><script type=\"application\/json\" class=\"sgb-data\">{\"galleryType\":\"pgc_sgb_justified\",\"galleryId\":\"28d11191\",\"images\":[{\"id\":12600,\"title\":\"RSM_Aniversario-85\",\"url\":\"https:\/\/apsmuniarica.cl\/web\/wp-content\/uploads\/2024\/05\/RSM_Aniversario-85.jpg\",\"link\":\"https:\/\/apsmuniarica.cl\/web\/rsm_aniversario-85\/\",\"alt\":\"\",\"description\":\"\",\"caption\":\"\",\"mime\":\"image\/jpeg\",\"type\":\"image\",\"width\":1080,\"height\":1350,\"sizes\":{\"thumbnail\":{\"height\":150,\"width\":150,\"url\":\"https:\/\/apsmuniarica.cl\/web\/wp-content\/uploads\/2024\/05\/RSM_Aniversario-85-150x150.jpg\",\"orientation\":\"landscape\"},\"medium\":{\"height\":300,\"width\":240,\"url\":\"https:\/\/apsmuniarica.cl\/web\/wp-content\/uploads\/2024\/05\/RSM_Aniversario-85-240x300.jpg\",\"orientation\":\"portrait\"},\"large\":{\"height\":1024,\"width\":819,\"url\":\"https:\/\/apsmuniarica.cl\/web\/wp-content\/uploads\/2024\/05\/RSM_Aniversario-85-819x1024.jpg\",\"orientation\":\"portrait\"},\"full\":{\"url\":\"https:\/\/apsmuniarica.cl\/web\/wp-content\/uploads\/2024\/05\/RSM_Aniversario-85.jpg\",\"height\":1350,\"width\":1080,\"orientation\":\"portrait\"}},\"imageMeta\":{\"aperture\":\"0\",\"credit\":\"\",\"camera\":\"\",\"caption\":\"\",\"created_timestamp\":\"0\",\"copyright\":\"\u00a9 2024 DISAM Arica\",\"focal_length\":\"0\",\"iso\":\"0\",\"shutter_speed\":\"0\",\"title\":\"\",\"orientation\":\"0\",\"keywords\":[]},\"meta\":false,\"postlink\":\"https:\/\/apsmuniarica.cl\/web\/rsm_aniversario-85\/\"},{\"id\":11748,\"title\":\"DISAM_8M-33\",\"url\":\"https:\/\/apsmuniarica.cl\/web\/wp-content\/uploads\/2024\/03\/DISAM_8M-33.jpg\",\"link\":\"https:\/\/apsmuniarica.cl\/web\/actividad-8m\/disam_8m-33\/\",\"alt\":\"\",\"description\":\"\",\"caption\":\"\",\"mime\":\"image\/jpeg\",\"type\":\"image\",\"width\":1080,\"height\":1350,\"sizes\":{\"thumbnail\":{\"height\":150,\"width\":150,\"url\":\"https:\/\/apsmuniarica.cl\/web\/wp-content\/uploads\/2024\/03\/DISAM_8M-33-150x150.jpg\",\"orientation\":\"landscape\"},\"medium\":{\"height\":300,\"width\":240,\"url\":\"https:\/\/apsmuniarica.cl\/web\/wp-content\/uploads\/2024\/03\/DISAM_8M-33-240x300.jpg\",\"orientation\":\"portrait\"},\"large\":{\"height\":1024,\"width\":819,\"url\":\"https:\/\/apsmuniarica.cl\/web\/wp-content\/uploads\/2024\/03\/DISAM_8M-33-819x1024.jpg\",\"orientation\":\"portrait\"},\"full\":{\"url\":\"https:\/\/apsmuniarica.cl\/web\/wp-content\/uploads\/2024\/03\/DISAM_8M-33.jpg\",\"height\":1350,\"width\":1080,\"orientation\":\"portrait\"}},\"imageMeta\":{\"aperture\":\"0\",\"credit\":\"\",\"camera\":\"\",\"caption\":\"\",\"created_timestamp\":\"0\",\"copyright\":\"\u00a9 2024 DISAM Arica\",\"focal_length\":\"0\",\"iso\":\"0\",\"shutter_speed\":\"0\",\"title\":\"\",\"orientation\":\"0\",\"keywords\":[]},\"meta\":false,\"postlink\":\"https:\/\/apsmuniarica.cl\/web\/actividad-8m\/disam_8m-33\/\"},{\"id\":12656,\"title\":\"ANR_Operativo-18\",\"url\":\"https:\/\/apsmuniarica.cl\/web\/wp-content\/uploads\/2024\/06\/ANR_Operativo-18.jpg\",\"link\":\"https:\/\/apsmuniarica.cl\/web\/anr_operativo-18\/\",\"alt\":\"\",\"description\":\"\",\"caption\":\"\",\"mime\":\"image\/jpeg\",\"type\":\"image\",\"width\":1080,\"height\":1350,\"sizes\":{\"thumbnail\":{\"height\":150,\"width\":150,\"url\":\"https:\/\/apsmuniarica.cl\/web\/wp-content\/uploads\/2024\/06\/ANR_Operativo-18-150x150.jpg\",\"orientation\":\"landscape\"},\"medium\":{\"height\":300,\"width\":240,\"url\":\"https:\/\/apsmuniarica.cl\/web\/wp-content\/uploads\/2024\/06\/ANR_Operativo-18-240x300.jpg\",\"orientation\":\"portrait\"},\"large\":{\"height\":1024,\"width\":819,\"url\":\"https:\/\/apsmuniarica.cl\/web\/wp-content\/uploads\/2024\/06\/ANR_Operativo-18-819x1024.jpg\",\"orientation\":\"portrait\"},\"full\":{\"url\":\"https:\/\/apsmuniarica.cl\/web\/wp-content\/uploads\/2024\/06\/ANR_Operativo-18.jpg\",\"height\":1350,\"width\":1080,\"orientation\":\"portrait\"}},\"imageMeta\":{\"aperture\":\"0\",\"credit\":\"\",\"camera\":\"\",\"caption\":\"\",\"created_timestamp\":\"0\",\"copyright\":\"\u00a9 2024 DISAM Arica\",\"focal_length\":\"0\",\"iso\":\"0\",\"shutter_speed\":\"0\",\"title\":\"\",\"orientation\":\"0\",\"keywords\":[]},\"meta\":false,\"postlink\":\"https:\/\/apsmuniarica.cl\/web\/anr_operativo-18\/\"},{\"id\":12665,\"title\":\"ANR_Operativo-27\",\"url\":\"https:\/\/apsmuniarica.cl\/web\/wp-content\/uploads\/2024\/06\/ANR_Operativo-27.jpg\",\"link\":\"https:\/\/apsmuniarica.cl\/web\/anr_operativo-27\/\",\"alt\":\"\",\"description\":\"\",\"caption\":\"\",\"mime\":\"image\/jpeg\",\"type\":\"image\",\"width\":1080,\"height\":1350,\"sizes\":{\"thumbnail\":{\"height\":150,\"width\":150,\"url\":\"https:\/\/apsmuniarica.cl\/web\/wp-content\/uploads\/2024\/06\/ANR_Operativo-27-150x150.jpg\",\"orientation\":\"landscape\"},\"medium\":{\"height\":300,\"width\":240,\"url\":\"https:\/\/apsmuniarica.cl\/web\/wp-content\/uploads\/2024\/06\/ANR_Operativo-27-240x300.jpg\",\"orientation\":\"portrait\"},\"large\":{\"height\":1024,\"width\":819,\"url\":\"https:\/\/apsmuniarica.cl\/web\/wp-content\/uploads\/2024\/06\/ANR_Operativo-27-819x1024.jpg\",\"orientation\":\"portrait\"},\"full\":{\"url\":\"https:\/\/apsmuniarica.cl\/web\/wp-content\/uploads\/2024\/06\/ANR_Operativo-27.jpg\",\"height\":1350,\"width\":1080,\"orientation\":\"portrait\"}},\"imageMeta\":{\"aperture\":\"0\",\"credit\":\"\",\"camera\":\"\",\"caption\":\"\",\"created_timestamp\":\"0\",\"copyright\":\"\u00a9 2024 DISAM Arica\",\"focal_length\":\"0\",\"iso\":\"0\",\"shutter_speed\":\"0\",\"title\":\"\",\"orientation\":\"0\",\"keywords\":[]},\"meta\":false,\"postlink\":\"https:\/\/apsmuniarica.cl\/web\/anr_operativo-27\/\"},{\"id\":12664,\"title\":\"ANR_Operativo-26\",\"url\":\"https:\/\/apsmuniarica.cl\/web\/wp-content\/uploads\/2024\/06\/ANR_Operativo-26.jpg\",\"link\":\"https:\/\/apsmuniarica.cl\/web\/anr_operativo-26\/\",\"alt\":\"\",\"description\":\"\",\"caption\":\"\",\"mime\":\"image\/jpeg\",\"type\":\"image\",\"width\":1080,\"height\":1350,\"sizes\":{\"thumbnail\":{\"height\":150,\"width\":150,\"url\":\"https:\/\/apsmuniarica.cl\/web\/wp-content\/uploads\/2024\/06\/ANR_Operativo-26-150x150.jpg\",\"orientation\":\"landscape\"},\"medium\":{\"height\":300,\"width\":240,\"url\":\"https:\/\/apsmuniarica.cl\/web\/wp-content\/uploads\/2024\/06\/ANR_Operativo-26-240x300.jpg\",\"orientation\":\"portrait\"},\"large\":{\"height\":1024,\"width\":819,\"url\":\"https:\/\/apsmuniarica.cl\/web\/wp-content\/uploads\/2024\/06\/ANR_Operativo-26-819x1024.jpg\",\"orientation\":\"portrait\"},\"full\":{\"url\":\"https:\/\/apsmuniarica.cl\/web\/wp-content\/uploads\/2024\/06\/ANR_Operativo-26.jpg\",\"height\":1350,\"width\":1080,\"orientation\":\"portrait\"}},\"imageMeta\":{\"aperture\":\"0\",\"credit\":\"\",\"camera\":\"\",\"caption\":\"\",\"created_timestamp\":\"0\",\"copyright\":\"\u00a9 2024 DISAM Arica\",\"focal_length\":\"0\",\"iso\":\"0\",\"shutter_speed\":\"0\",\"title\":\"\",\"orientation\":\"0\",\"keywords\":[]},\"meta\":false,\"postlink\":\"https:\/\/apsmuniarica.cl\/web\/anr_operativo-26\/\"},{\"id\":12151,\"title\":\"DIR_uta-2\",\"url\":\"https:\/\/apsmuniarica.cl\/web\/wp-content\/uploads\/2024\/04\/DIR_uta-2.jpg\",\"link\":\"https:\/\/apsmuniarica.cl\/web\/dir_uta-2\/\",\"alt\":\"\",\"description\":\"\",\"caption\":\"\",\"mime\":\"image\/jpeg\",\"type\":\"image\",\"width\":1080,\"height\":1350,\"sizes\":{\"thumbnail\":{\"height\":150,\"width\":150,\"url\":\"https:\/\/apsmuniarica.cl\/web\/wp-content\/uploads\/2024\/04\/DIR_uta-2-150x150.jpg\",\"orientation\":\"landscape\"},\"medium\":{\"height\":300,\"width\":240,\"url\":\"https:\/\/apsmuniarica.cl\/web\/wp-content\/uploads\/2024\/04\/DIR_uta-2-240x300.jpg\",\"orientation\":\"portrait\"},\"large\":{\"height\":1024,\"width\":819,\"url\":\"https:\/\/apsmuniarica.cl\/web\/wp-content\/uploads\/2024\/04\/DIR_uta-2-819x1024.jpg\",\"orientation\":\"portrait\"},\"full\":{\"url\":\"https:\/\/apsmuniarica.cl\/web\/wp-content\/uploads\/2024\/04\/DIR_uta-2.jpg\",\"height\":1350,\"width\":1080,\"orientation\":\"portrait\"}},\"imageMeta\":{\"aperture\":\"0\",\"credit\":\"\",\"camera\":\"\",\"caption\":\"\",\"created_timestamp\":\"0\",\"copyright\":\"\u00a9 2024 DISAM Arica\",\"focal_length\":\"0\",\"iso\":\"0\",\"shutter_speed\":\"0\",\"title\":\"\",\"orientation\":\"0\",\"keywords\":[]},\"meta\":false,\"postlink\":\"https:\/\/apsmuniarica.cl\/web\/dir_uta-2\/\"}],\"openPopupId\":\"\",\"itemsMetaDataCollection\":[]}<\/script><script>(function(){if(window.PGC_SGB && window.PGC_SGB.searcher){window.PGC_SGB.searcher.initBlocks()}})()<\/script><\/div>\n\n\n<div style=\"height:100px\" aria-hidden=\"true\" class=\"wp-block-spacer\"><\/div>\n\n\n\n<figure class=\"wp-block-image alignfull size-full\"><img loading=\"lazy\" decoding=\"async\" width=\"1897\" height=\"170\" src=\"https:\/\/apsmuniarica.cl\/web\/wp-content\/uploads\/2025\/10\/icon-footer-ilustracion_esscritorio.Bkk9-dc6.png\" alt=\"\" class=\"wp-image-14776\" srcset=\"https:\/\/apsmuniarica.cl\/web\/wp-content\/uploads\/2025\/10\/icon-footer-ilustracion_esscritorio.Bkk9-dc6.png 1897w, https:\/\/apsmuniarica.cl\/web\/wp-content\/uploads\/2025\/10\/icon-footer-ilustracion_esscritorio.Bkk9-dc6-300x27.png 300w, https:\/\/apsmuniarica.cl\/web\/wp-content\/uploads\/2025\/10\/icon-footer-ilustracion_esscritorio.Bkk9-dc6-1024x92.png 1024w, https:\/\/apsmuniarica.cl\/web\/wp-content\/uploads\/2025\/10\/icon-footer-ilustracion_esscritorio.Bkk9-dc6-768x69.png 768w, https:\/\/apsmuniarica.cl\/web\/wp-content\/uploads\/2025\/10\/icon-footer-ilustracion_esscritorio.Bkk9-dc6-1536x138.png 1536w\" sizes=\"auto, (max-width: 1897px) 100vw, 1897px\" \/><\/figure>\n","protected":false},"excerpt":{"rendered":"<p>Valores RESPETO Reconocer y valorar a cada persona como sujeto de derechos, considerando su dignidad, diversidad y esencia.&nbsp;&nbsp;&nbsp;&nbsp; COMPROMISO Es el v\u00ednculo reciproco entre el funcionario y la instituci\u00f3n, que&hellip;&nbsp;<a href=\"https:\/\/apsmuniarica.cl\/web\/valores\/\" rel=\"bookmark\">Leer m\u00e1s &raquo;<span class=\"screen-reader-text\">Valores<\/span><\/a><\/p>\n","protected":false},"author":1,"featured_media":0,"parent":0,"menu_order":0,"comment_status":"closed","ping_status":"closed","template":"","meta":{"neve_meta_sidebar":"","neve_meta_container":"contained","neve_meta_enable_content_width":"","neve_meta_content_width":0,"neve_meta_title_alignment":"center","neve_meta_author_avatar":"","neve_post_elements_order":"","neve_meta_disable_header":"","neve_meta_disable_footer":"","neve_meta_disable_title":"","pgc_sgb_lightbox_settings":"","footnotes":""},"class_list":["post-14609","page","type-page","status-publish","hentry"],"_links":{"self":[{"href":"https:\/\/apsmuniarica.cl\/web\/wp-json\/wp\/v2\/pages\/14609","targetHints":{"allow":["GET"]}}],"collection":[{"href":"https:\/\/apsmuniarica.cl\/web\/wp-json\/wp\/v2\/pages"}],"about":[{"href":"https:\/\/apsmuniarica.cl\/web\/wp-json\/wp\/v2\/types\/page"}],"author":[{"embeddable":true,"href":"https:\/\/apsmuniarica.cl\/web\/wp-json\/wp\/v2\/users\/1"}],"replies":[{"embeddable":true,"href":"https:\/\/apsmuniarica.cl\/web\/wp-json\/wp\/v2\/comments?post=14609"}],"version-history":[{"count":26,"href":"https:\/\/apsmuniarica.cl\/web\/wp-json\/wp\/v2\/pages\/14609\/revisions"}],"predecessor-version":[{"id":14783,"href":"https:\/\/apsmuniarica.cl\/web\/wp-json\/wp\/v2\/pages\/14609\/revisions\/14783"}],"wp:attachment":[{"href":"https:\/\/apsmuniarica.cl\/web\/wp-json\/wp\/v2\/media?parent=14609"}],"curies":[{"name":"wp","href":"https:\/\/api.w.org\/{rel}","templated":true}]}}