{"id":13968,"date":"2025-06-10T10:17:59","date_gmt":"2025-06-10T14:17:59","guid":{"rendered":"https:\/\/apsmuniarica.cl\/web\/?page_id=13968"},"modified":"2026-03-19T15:07:08","modified_gmt":"2026-03-19T18:07:08","slug":"sapu-matrona-rosa-vascope-zarzola","status":"publish","type":"page","link":"https:\/\/apsmuniarica.cl\/web\/sapu-matrona-rosa-vascope-zarzola\/","title":{"rendered":"SAPU Matrona Rosa Vascop\u00e9 Zarzola"},"content":{"rendered":"\n<div style=\"height:50px\" aria-hidden=\"true\" class=\"wp-block-spacer\"><\/div>\n\n\n\n<h1 class=\"wp-block-heading has-text-align-center has-neve-link-color-color has-text-color has-link-color wp-elements-9b7f060602589a1f0959b3ef22186666\">SAPU Matrona Rosa Vascop\u00e9 Zarzola<\/h1>\n\n\n\n<div style=\"height:50px\" aria-hidden=\"true\" class=\"wp-block-spacer\"><\/div>\n\n\n\n<div class=\"wp-block-columns is-layout-flex wp-container-core-columns-is-layout-9d6595d7 wp-block-columns-is-layout-flex\">\n<div class=\"wp-block-column is-vertically-aligned-center is-layout-flow wp-block-column-is-layout-flow\">\n<h2 class=\"wp-block-heading has-neve-link-color-color has-text-color has-link-color wp-elements-2a89f05e8c8b9f03c8fc851b8e571bdc\">Director<\/h2>\n\n\n\n<p>Sra. Carmen Chandia Iba\u00f1ez<\/p>\n\n\n\n<h2 class=\"wp-block-heading has-neve-link-color-color has-text-color has-link-color wp-elements-205c834528186a819c07813728eab1e7\">Coordinador<\/h2>\n\n\n\n<p>EU. Leyla Heresi Ag\u00fcero<\/p>\n\n\n\n<h2 class=\"wp-block-heading has-neve-link-color-color has-text-color has-link-color wp-elements-c3b0163108100ca6b8965606b744ec3e\">Direcci\u00f3n<\/h2>\n\n\n\n<p>Volc\u00e1n&nbsp;Guallatire&nbsp; #1070<\/p>\n\n\n\n<h2 class=\"wp-block-heading has-neve-link-color-color has-text-color has-link-color wp-elements-37ca24ae1064e37a1bd7901ee8766cb0\">Horario de Atenci\u00f3n<\/h2>\n\n\n\n<p>Lunes a viernes:&nbsp;17:00&nbsp;horas a 24:00 horas.<\/p>\n\n\n\n<p>S\u00e1bado, domingos&nbsp;y festivos: 08:00 a&nbsp; 24:00 horas<\/p>\n<\/div>\n\n\n\n<div class=\"wp-block-column is-vertically-aligned-center is-layout-flow wp-block-column-is-layout-flow\" style=\"border-style:none;border-width:0px;border-radius:0px\">\n<iframe src=\"https:\/\/www.google.com\/maps\/embed?pb=!1m18!1m12!1m3!1d795.4122690358738!2d-70.30927168176916!3d-18.49997168513034!2m3!1f0!2f0!3f0!3m2!1i1024!2i768!4f13.1!3m3!1m2!1s0x915aa9a269999cc3%3A0x7ab45de4fbf8a471!2sCESFAM%20Mat.%20Rosa%20Vascop%C3%A9%20Zarzola%20%7C%20Centro%20de%20Salud%20Familiar!5e0!3m2!1ses!2scl!4v1749565050593!5m2!1ses!2scl\" width=\"600\" height=\"450\" style=\"border:0;\" allowfullscreen=\"\" loading=\"lazy\" referrerpolicy=\"no-referrer-when-downgrade\"><\/iframe>\n<\/div>\n<\/div>\n\n\n\n<div class=\"wp-block-columns is-layout-flex wp-container-core-columns-is-layout-9d6595d7 wp-block-columns-is-layout-flex\">\n<div class=\"wp-block-column is-layout-flow wp-block-column-is-layout-flow\"><\/div>\n<\/div>\n<div class=\"pvc_clear\"><\/div><p id=\"pvc_stats_13968\" class=\"pvc_stats total_only  \" data-element-id=\"13968\" style=\"\"><i class=\"pvc-stats-icon medium\" aria-hidden=\"true\"><svg aria-hidden=\"true\" focusable=\"false\" data-prefix=\"far\" data-icon=\"chart-bar\" role=\"img\" xmlns=\"http:\/\/www.w3.org\/2000\/svg\" viewBox=\"0 0 512 512\" class=\"svg-inline--fa fa-chart-bar fa-w-16 fa-2x\"><path fill=\"currentColor\" d=\"M396.8 352h22.4c6.4 0 12.8-6.4 12.8-12.8V108.8c0-6.4-6.4-12.8-12.8-12.8h-22.4c-6.4 0-12.8 6.4-12.8 12.8v230.4c0 6.4 6.4 12.8 12.8 12.8zm-192 0h22.4c6.4 0 12.8-6.4 12.8-12.8V140.8c0-6.4-6.4-12.8-12.8-12.8h-22.4c-6.4 0-12.8 6.4-12.8 12.8v198.4c0 6.4 6.4 12.8 12.8 12.8zm96 0h22.4c6.4 0 12.8-6.4 12.8-12.8V204.8c0-6.4-6.4-12.8-12.8-12.8h-22.4c-6.4 0-12.8 6.4-12.8 12.8v134.4c0 6.4 6.4 12.8 12.8 12.8zM496 400H48V80c0-8.84-7.16-16-16-16H16C7.16 64 0 71.16 0 80v336c0 17.67 14.33 32 32 32h464c8.84 0 16-7.16 16-16v-16c0-8.84-7.16-16-16-16zm-387.2-48h22.4c6.4 0 12.8-6.4 12.8-12.8v-70.4c0-6.4-6.4-12.8-12.8-12.8h-22.4c-6.4 0-12.8 6.4-12.8 12.8v70.4c0 6.4 6.4 12.8 12.8 12.8z\" class=\"\"><\/path><\/svg><\/i> <img loading=\"lazy\" decoding=\"async\" width=\"16\" height=\"16\" alt=\"Loading\" src=\"https:\/\/apsmuniarica.cl\/web\/wp-content\/plugins\/page-views-count\/ajax-loader-2x.gif\" border=0 \/><\/p><div class=\"pvc_clear\"><\/div>","protected":false},"excerpt":{"rendered":"<p>SAPU Matrona Rosa Vascop\u00e9 Zarzola Director Sra. Carmen Chandia Iba\u00f1ez Coordinador EU. Leyla Heresi Ag\u00fcero Direcci\u00f3n Volc\u00e1n&nbsp;Guallatire&nbsp; #1070 Horario de Atenci\u00f3n Lunes a viernes:&nbsp;17:00&nbsp;horas a 24:00 horas. S\u00e1bado, domingos&nbsp;y festivos:&hellip;&nbsp;<a href=\"https:\/\/apsmuniarica.cl\/web\/sapu-matrona-rosa-vascope-zarzola\/\" rel=\"bookmark\">Leer m\u00e1s &raquo;<span class=\"screen-reader-text\">SAPU Matrona Rosa Vascop\u00e9 Zarzola<\/span><\/a><\/p>\n","protected":false},"author":1,"featured_media":0,"parent":0,"menu_order":0,"comment_status":"closed","ping_status":"closed","template":"","meta":{"neve_meta_sidebar":"","neve_meta_container":"contained","neve_meta_enable_content_width":"","neve_meta_content_width":0,"neve_meta_title_alignment":"","neve_meta_author_avatar":"","neve_post_elements_order":"","neve_meta_disable_header":"","neve_meta_disable_footer":"","neve_meta_disable_title":"","pgc_sgb_lightbox_settings":"","footnotes":""},"class_list":["post-13968","page","type-page","status-publish","hentry"],"_links":{"self":[{"href":"https:\/\/apsmuniarica.cl\/web\/wp-json\/wp\/v2\/pages\/13968","targetHints":{"allow":["GET"]}}],"collection":[{"href":"https:\/\/apsmuniarica.cl\/web\/wp-json\/wp\/v2\/pages"}],"about":[{"href":"https:\/\/apsmuniarica.cl\/web\/wp-json\/wp\/v2\/types\/page"}],"author":[{"embeddable":true,"href":"https:\/\/apsmuniarica.cl\/web\/wp-json\/wp\/v2\/users\/1"}],"replies":[{"embeddable":true,"href":"https:\/\/apsmuniarica.cl\/web\/wp-json\/wp\/v2\/comments?post=13968"}],"version-history":[{"count":28,"href":"https:\/\/apsmuniarica.cl\/web\/wp-json\/wp\/v2\/pages\/13968\/revisions"}],"predecessor-version":[{"id":15522,"href":"https:\/\/apsmuniarica.cl\/web\/wp-json\/wp\/v2\/pages\/13968\/revisions\/15522"}],"wp:attachment":[{"href":"https:\/\/apsmuniarica.cl\/web\/wp-json\/wp\/v2\/media?parent=13968"}],"curies":[{"name":"wp","href":"https:\/\/api.w.org\/{rel}","templated":true}]}}