{"id":13070,"date":"2024-08-02T13:54:53","date_gmt":"2024-08-02T17:54:53","guid":{"rendered":"https:\/\/apsmuniarica.cl\/web\/?page_id=13070"},"modified":"2026-01-22T16:48:40","modified_gmt":"2026-01-22T19:48:40","slug":"aps-universal","status":"publish","type":"page","link":"https:\/\/apsmuniarica.cl\/web\/aps-universal\/","title":{"rendered":"APS Universal"},"content":{"rendered":"\n<div style=\"height:50px\" aria-hidden=\"true\" class=\"wp-block-spacer\"><\/div>\n\n\n<div class=\"wp-block-image is-style-default\">\n<figure class=\"aligncenter size-full\"><img loading=\"lazy\" decoding=\"async\" width=\"300\" height=\"300\" src=\"https:\/\/apsmuniarica.cl\/web\/wp-content\/uploads\/2024\/08\/PIN-APS-UNIVERSAL_FINAL.png\" alt=\"\" class=\"wp-image-13089\" style=\"object-fit:cover\" srcset=\"https:\/\/apsmuniarica.cl\/web\/wp-content\/uploads\/2024\/08\/PIN-APS-UNIVERSAL_FINAL.png 300w, https:\/\/apsmuniarica.cl\/web\/wp-content\/uploads\/2024\/08\/PIN-APS-UNIVERSAL_FINAL-150x150.png 150w\" sizes=\"auto, (max-width: 300px) 100vw, 300px\" \/><\/figure>\n<\/div>\n\n\n<figure class=\"wp-block-pullquote has-text-align-left has-small-font-size\"><blockquote><p>La universalizaci\u00f3n de la atenci\u00f3n primaria implica atender a toda la poblaci\u00f3n sin importar su previsi\u00f3n de salud y fortalecer la APS para brindar cuidados oportunos y de calidad seg\u00fan las necesidades de la poblaci\u00f3n. <br><br>Este enfoque integral garantiza el mayor nivel posible de salud y bienestar, abarcando promoci\u00f3n, prevenci\u00f3n, tratamiento, rehabilitaci\u00f3n y cuidados paliativos. Los centros de APS (consultorios, CESFAM, CECOSF, postas rurales) ofrecen servicios bajo el Plan de Salud Familiar y programas de reforzamiento (PRAPS), gestionados por equipos profesionales que atienden a las personas durante todo su ciclo vital.<\/p><\/blockquote><\/figure>\n\n\n\n<p>Con el objetivo de alcanzar el acceso y cobertura universal en salud y teniendo como base la Atenci\u00f3n Primaria de Salud (APS), durante el a\u00f1o 2023, el Ministerio de Salud comenz\u00f3 el trabajo&nbsp; progresivo de implementaci\u00f3n, un importante paso para la Universalizaci\u00f3n de la Atenci\u00f3n Primaria en Salud. Esto, a trav\u00e9s de lo que se denomin\u00f3 como&nbsp;<strong>\u00abcomunas pioneras\u00bb en las que se implementaron algunas actividades contenidas en las l\u00edneas estrat\u00e9gicas.&nbsp;<\/strong>Se espera que de manera progresiva, nuevas comunas se vayan incorporando.<\/p>\n\n\n\n<p>Se dio el puntapi\u00e9 en la&nbsp;<strong>Atenci\u00f3n Primaria de Salud (consultorios, CESFAM, CECOSF, postas rurales)<\/strong>&nbsp;, ya que ah\u00ed es donde nace el modelo de atenci\u00f3n que se centra en las personas, desde una perspectiva integral y en un continuo de atenci\u00f3n, que va desde la promoci\u00f3n de la salud, la prevenci\u00f3n de las enfermedades, tratamiento, rehabilitaci\u00f3n y cuidados paliativos. La Atenci\u00f3n se realiza bajo la l\u00f3gica territorial, con poblaci\u00f3n a cargo de un equipo de cabecera, el cual est\u00e1 conformado por m\u00faltiples profesionales, quienes atienden a las personas durante todo su ciclo vital. Sumado a esto, los resultados de la APS, muestra una s\u00f3lida evidencia en la mejora de los resultados sanitarios poblacionales, con efectos positivos en calidad de la vida de las personas, disminuyendo las enfermedades, hospitalizaciones y mortalidad en general.<\/p>\n\n\n\n<p>En la actualidad solo pueden atenderse en APS aquellas personas que son beneficiarias de FONASA y que est\u00e1n inscritas en los centros de salud. Adem\u00e1s de aquello, a\u00fan persisten barreras (geogr\u00e1ficas, administrativas, de g\u00e9nero, entre otras) que dificultan que las personas puedan acceder a la APS.<\/p>\n\n\n\n<figure class=\"wp-block-pullquote has-text-align-left has-small-font-size\"><blockquote><p>Por lo anterior, es necesario se\u00f1alar que la universalizaci\u00f3n de la atenci\u00f3n primaria no s\u00f3lo consiste en atender a toda la poblaci\u00f3n independiente de su previsi\u00f3n de salud, si no que adem\u00e1s en fortalecer a la APS para poder cuidar a la poblaci\u00f3n seg\u00fan sus necesidades, de forma oportuna y de calidad.<\/p><\/blockquote><\/figure>\n\n\n\n<p><strong>Comunas Pioneras 2023<\/strong><br>La implementaci\u00f3n de la APS-U inici\u00f3 el 2023 con siete comunas pioneras: Canela (Coquimbo), Alhu\u00e9 (RM), Renca (RM), La Cruz (Valpara\u00edso), Coltauco (O\u2019Higgins), Linares (Maule) y Perquenco (Araucan\u00eda).<\/p>\n\n\n\n<p><strong>Comunas Pioneras 2024<\/strong><br>Las catorce nuevas comunas que se integran con fecha del 12 de enero al proceso de universalizaci\u00f3n de la Atenci\u00f3n Primaria de Salud son: Arica, Alto Hospicio, Tocopilla, Caldera, Illapel, Quilpu\u00e9, Chill\u00e1n Viejo, Curanilahue, Angol, Valdivia, Puerto Varas, Ays\u00e9n, Puerto Natales y La Pintana.<\/p>\n\n\n\n<p>Las estrategias se pueden clasificar seg\u00fan tres componentes generales:<\/p>\n\n\n\n<p><strong>&nbsp;Inscripci\u00f3n universal:&nbsp;<\/strong>independiente de su previsi\u00f3n de salud, las personas que se registren en su centro de salud m\u00e1s cercano a su residencia o lugar de trabajo podr\u00e1n acceder a las prestaciones de la cartera de APS de la comuna.<\/p>\n\n\n\n<p><strong><u><\/u>&nbsp;Servicios de atenci\u00f3n primaria:<\/strong>&nbsp;a trav\u00e9s de acciones en el centro de salud, pero tambi\u00e9n fuera de este, se dispondr\u00e1 para la poblaci\u00f3n de la comuna las prestaciones de la cartera de APS comunal.<\/p>\n\n\n\n<p><strong><\/strong>&nbsp;<strong>Extensi\u00f3n horaria<\/strong>: se ofertar\u00e1 la cartera de prestaciones, tanto en los centros de salud como fuera de estos, en horarios o con profesionales que no est\u00e1n disponibles en el horario de atenci\u00f3n habitual.<\/p>\n\n\n\n<p><strong>Las estrategias se pueden clasificar seg\u00fan tres componentes generales:<\/strong><\/p>\n\n\n\n<div style=\"height:50px\" aria-hidden=\"true\" class=\"wp-block-spacer\"><\/div>\n\n\n\n<h2 class=\"wp-block-heading has-text-align-center has-neve-link-color-color has-text-color has-link-color wp-elements-428817de248d3759e6831e2fe3edd6bd\">Ampliacion de cobertura y acceso efectivo a trav\u00e9s de la optimizacion de APS<\/h2>\n\n\n\n<figure class=\"wp-block-pullquote has-text-align-left has-small-font-size\"><blockquote><p>Inscripci\u00f3n universal:\u00a0independiente de su previsi\u00f3n de salud, las personas que se registren en su centro de salud m\u00e1s cercano a su residencia o lugar de trabajo podr\u00e1n acceder a las prestaciones de la cartera de APS de la comuna.<br>Servicios de atenci\u00f3n primaria:\u00a0a trav\u00e9s de acciones en el centro de salud, pero tambi\u00e9n fuera de este, se dispondr\u00e1 para la poblaci\u00f3n de la comuna las prestaciones de la cartera de APS comunal.<br>Extensi\u00f3n horaria: se ofertar\u00e1 la cartera de prestaciones, tanto en los centros de salud como fuera de estos, en horarios o con profesionales que no est\u00e1n disponibles en el horario de atenci\u00f3n habitual.<br>Optimizaci\u00f3n de los procesos administrativos: se trabajar\u00e1 seg\u00fan la realidad de cada comuna los \u00e1mbitos que permitan optimizar la gesti\u00f3n de recursos humanos, f\u00edsicos y financieros.<\/p><\/blockquote><\/figure>\n\n\n\n<div style=\"height:100px\" aria-hidden=\"true\" class=\"wp-block-spacer\"><\/div>\n\n\n\n<h2 class=\"wp-block-heading has-text-align-center has-neve-link-color-color has-text-color has-link-color wp-elements-3ef50a9134f0814f55e47bd77aa72321\">Habilitadores para facilitar el acceso a los servicios esenciales de la APS<\/h2>\n\n\n\n<figure class=\"wp-block-pullquote has-text-align-left has-small-font-size\"><blockquote><p><strong>Atenciones extra-muro:<\/strong>\u00a0la comuna dispondr\u00e1 de los servicios de atenci\u00f3n primaria a trav\u00e9s de dispositivos equipados, que permitan realizar atenciones, con \u00e9nfasis en aquellas de prevenci\u00f3n y detecci\u00f3n precoz de enfermedades.<br><strong>Sistema de gesti\u00f3n remota de la demanda:<\/strong>\u00a0se instalar\u00e1 un modelo de gesti\u00f3n de la demanda, que permita que las personas puedan solicitar atenci\u00f3n a distancia, y que los equipos de salud puedan agendar y atender seg\u00fan las necesidades de las personas.<br><strong>Estrategia de Cuidados Integrales Centrada en las Personas (ECICEP):<\/strong>\u00a0se implementar\u00e1 y fortalecer\u00e1, seg\u00fan sea el caso, este modelo de atenci\u00f3n que permite entregar cuidados a las personas seg\u00fan sus necesidades, abordando los riesgos de salud, brind\u00e1ndoles seguimiento a distancia en los casos necesarios y controles con una duraci\u00f3n m\u00e1s prolongada en los que se eval\u00faan a las personas en su integralidad.<br><strong>Gesti\u00f3n de la experiencia usuaria<\/strong>: se desarrollar\u00e1n un modelo de mejoramiento de la experiencia usuaria, orientado a servicios que entreguen un trato digno, informado y que orienten a utilizar de mejor manera los servicios.<\/p><\/blockquote><\/figure>\n\n\n\n<div style=\"height:50px\" aria-hidden=\"true\" class=\"wp-block-spacer\"><\/div>\n\n\n\n<h2 class=\"wp-block-heading has-text-align-center has-neve-link-color-color has-text-color has-link-color wp-elements-944b17209073006c78353912b2c3342b\">Estrategia de participaci\u00f3n para la identificaci\u00f3n de barreras de aceptabilidad de los servicios de APS<\/h2>\n\n\n\n<figure class=\"wp-block-pullquote has-text-align-left has-small-font-size\"><blockquote><p><strong>Di\u00e1logos ciudadanos:<\/strong>\u00a0como una de las primeras acciones en las comunas pioneras, se realizar\u00e1n instancias de reflexi\u00f3n, participaci\u00f3n y dise\u00f1o de estrategias para mejorar la experiencia de las personas en atenci\u00f3n primaria.<br><strong>Cartograf\u00eda de recursos comunitarios:<\/strong>\u00a0se realizar\u00e1 un trabajo de identificar aquellos activos que existen en la comuna y que potencian la capacidad de las personas y comunidades para mantener su salud y bienestar.<\/p><\/blockquote><\/figure>\n\n\n\n<div style=\"height:100px\" aria-hidden=\"true\" class=\"wp-block-spacer\"><\/div>\n\n\n\n<p class=\"has-neve-link-color-color has-text-color has-link-color wp-elements-f9bcba666303b066ca462d6c693d36cb\"><strong>Para conocer m\u00e1s de la APS Universal y de la reforma de salud, te invitamos a visitar el siguiente enlace<\/strong><\/p>\n\n\n<div class=\"wp-block-image\">\n<figure class=\"aligncenter size-full\"><a href=\"https:\/\/www.minsal.cl\/reforma-de-salud\/\" target=\"_blank\" rel=\"noreferrer noopener\"><img loading=\"lazy\" decoding=\"async\" width=\"300\" height=\"98\" src=\"https:\/\/apsmuniarica.cl\/web\/wp-content\/uploads\/2024\/08\/image.png\" alt=\"\" class=\"wp-image-13071\"\/><\/a><\/figure>\n<\/div>\n\n\n<div style=\"height:100px\" aria-hidden=\"true\" class=\"wp-block-spacer\"><\/div>\n<div class=\"pvc_clear\"><\/div><p id=\"pvc_stats_13070\" class=\"pvc_stats total_only  \" data-element-id=\"13070\" style=\"\"><i class=\"pvc-stats-icon medium\" aria-hidden=\"true\"><svg aria-hidden=\"true\" focusable=\"false\" data-prefix=\"far\" data-icon=\"chart-bar\" role=\"img\" xmlns=\"http:\/\/www.w3.org\/2000\/svg\" viewBox=\"0 0 512 512\" class=\"svg-inline--fa fa-chart-bar fa-w-16 fa-2x\"><path fill=\"currentColor\" d=\"M396.8 352h22.4c6.4 0 12.8-6.4 12.8-12.8V108.8c0-6.4-6.4-12.8-12.8-12.8h-22.4c-6.4 0-12.8 6.4-12.8 12.8v230.4c0 6.4 6.4 12.8 12.8 12.8zm-192 0h22.4c6.4 0 12.8-6.4 12.8-12.8V140.8c0-6.4-6.4-12.8-12.8-12.8h-22.4c-6.4 0-12.8 6.4-12.8 12.8v198.4c0 6.4 6.4 12.8 12.8 12.8zm96 0h22.4c6.4 0 12.8-6.4 12.8-12.8V204.8c0-6.4-6.4-12.8-12.8-12.8h-22.4c-6.4 0-12.8 6.4-12.8 12.8v134.4c0 6.4 6.4 12.8 12.8 12.8zM496 400H48V80c0-8.84-7.16-16-16-16H16C7.16 64 0 71.16 0 80v336c0 17.67 14.33 32 32 32h464c8.84 0 16-7.16 16-16v-16c0-8.84-7.16-16-16-16zm-387.2-48h22.4c6.4 0 12.8-6.4 12.8-12.8v-70.4c0-6.4-6.4-12.8-12.8-12.8h-22.4c-6.4 0-12.8 6.4-12.8 12.8v70.4c0 6.4 6.4 12.8 12.8 12.8z\" class=\"\"><\/path><\/svg><\/i> <img loading=\"lazy\" decoding=\"async\" width=\"16\" height=\"16\" alt=\"Loading\" src=\"https:\/\/apsmuniarica.cl\/web\/wp-content\/plugins\/page-views-count\/ajax-loader-2x.gif\" border=0 \/><\/p><div class=\"pvc_clear\"><\/div>","protected":false},"excerpt":{"rendered":"<p>La universalizaci\u00f3n de la atenci\u00f3n primaria implica atender a toda la poblaci\u00f3n sin importar su previsi\u00f3n de salud y fortalecer la APS para brindar cuidados oportunos y de calidad seg\u00fan&hellip;&nbsp;<a href=\"https:\/\/apsmuniarica.cl\/web\/aps-universal\/\" rel=\"bookmark\">Leer m\u00e1s &raquo;<span class=\"screen-reader-text\">APS Universal<\/span><\/a><\/p>\n","protected":false},"author":1,"featured_media":0,"parent":0,"menu_order":0,"comment_status":"closed","ping_status":"closed","template":"","meta":{"neve_meta_sidebar":"","neve_meta_container":"contained","neve_meta_enable_content_width":"","neve_meta_content_width":0,"neve_meta_title_alignment":"center","neve_meta_author_avatar":"","neve_post_elements_order":"","neve_meta_disable_header":"","neve_meta_disable_footer":"","neve_meta_disable_title":"","pgc_sgb_lightbox_settings":"","footnotes":""},"class_list":["post-13070","page","type-page","status-publish","hentry"],"a3_pvc":{"activated":true,"total_views":5183,"today_views":3},"_links":{"self":[{"href":"https:\/\/apsmuniarica.cl\/web\/wp-json\/wp\/v2\/pages\/13070","targetHints":{"allow":["GET"]}}],"collection":[{"href":"https:\/\/apsmuniarica.cl\/web\/wp-json\/wp\/v2\/pages"}],"about":[{"href":"https:\/\/apsmuniarica.cl\/web\/wp-json\/wp\/v2\/types\/page"}],"author":[{"embeddable":true,"href":"https:\/\/apsmuniarica.cl\/web\/wp-json\/wp\/v2\/users\/1"}],"replies":[{"embeddable":true,"href":"https:\/\/apsmuniarica.cl\/web\/wp-json\/wp\/v2\/comments?post=13070"}],"version-history":[{"count":22,"href":"https:\/\/apsmuniarica.cl\/web\/wp-json\/wp\/v2\/pages\/13070\/revisions"}],"predecessor-version":[{"id":15306,"href":"https:\/\/apsmuniarica.cl\/web\/wp-json\/wp\/v2\/pages\/13070\/revisions\/15306"}],"wp:attachment":[{"href":"https:\/\/apsmuniarica.cl\/web\/wp-json\/wp\/v2\/media?parent=13070"}],"curies":[{"name":"wp","href":"https:\/\/api.w.org\/{rel}","templated":true}]}}