{"id":12274,"date":"2024-04-15T15:37:16","date_gmt":"2024-04-15T19:37:16","guid":{"rendered":"https:\/\/apsmuniarica.cl\/web\/?page_id=12274"},"modified":"2024-04-15T17:00:08","modified_gmt":"2024-04-15T21:00:08","slug":"que-es-mi-hc","status":"publish","type":"page","link":"https:\/\/apsmuniarica.cl\/web\/que-es-mi-hc\/","title":{"rendered":"Que es Mi HC"},"content":{"rendered":"\n<div style=\"height:25px\" aria-hidden=\"true\" class=\"wp-block-spacer\"><\/div>\n\n\n\n<h2 class=\"wp-block-heading has-text-align-center has-neve-link-color-color has-text-color has-link-color wp-elements-ac864400e503491cc574ae1fe15520bd\">Conozcamos m\u00e1s sobre Mi HC<\/h2>\n\n\n\n<figure class=\"wp-block-video aligncenter\" style=\"padding-top:var(--wp--preset--spacing--30);padding-right:var(--wp--preset--spacing--30);padding-bottom:var(--wp--preset--spacing--30);padding-left:var(--wp--preset--spacing--30)\"><video height=\"1080\" style=\"aspect-ratio: 1920 \/ 1080;\" width=\"1920\" controls poster=\"https:\/\/apsmuniarica.cl\/web\/wp-content\/uploads\/2023\/08\/miHCv4-1.png\" preload=\"auto\" src=\"https:\/\/apsmuniarica.cl\/web\/wp-content\/uploads\/2023\/05\/1.-Que-Es-Mihc.mp4\"><\/video><\/figure>\n\n\n\n<div class=\"wp-block-buttons has-custom-font-size has-medium-font-size is-horizontal is-content-justification-center is-layout-flex wp-container-core-buttons-is-layout-9393892f wp-block-buttons-is-layout-flex\">\n<div class=\"wp-block-button has-custom-font-size is-style-primary has-medium-font-size\"><a class=\"wp-block-button__link wp-element-button\" href=\"https:\/\/mihc.avislatam.com\/tecmedica\/th_online\/login.cfm\" style=\"padding-top:var(--wp--preset--spacing--30);padding-right:var(--wp--preset--spacing--60);padding-bottom:var(--wp--preset--spacing--30);padding-left:var(--wp--preset--spacing--60)\">Entrar  Mi HC<\/a><\/div>\n\n\n\n<div class=\"wp-block-button has-custom-font-size is-style-primary has-medium-font-size\"><a class=\"wp-block-button__link wp-element-button\" href=\"https:\/\/apsmuniarica.cl\/web\/wp-content\/uploads\/2024\/04\/Instructivo-Acceso-MiHC-v2.pdf\" style=\"padding-top:var(--wp--preset--spacing--30);padding-right:var(--wp--preset--spacing--60);padding-bottom:var(--wp--preset--spacing--30);padding-left:var(--wp--preset--spacing--60)\">Manual de uso<\/a><\/div>\n<\/div>\n\n\n\n<div style=\"height:25px\" aria-hidden=\"true\" class=\"wp-block-spacer\"><\/div>\n\n\n\n<p><strong>MiHC<\/strong> es una aplicaci\u00f3n m\u00f3vil y web (de escritorio), que le permite al paciente visualizar sus resultados de ex\u00e1menes, recordatorio de ingesta de medicamentos y estado de interconsultas. Adem\u00e1s,es un servicio en l\u00ednea al cual se puede acceder desde un computador, directamente la siguiente p\u00e1gina, www.mihc.cl o una Tablet o un celular, que puede descargar la aplicaci\u00f3n desde<\/p>\n\n\n\n<p class=\"has-neve-link-color-color has-text-color has-link-color wp-elements-68196d86fc0c7f5af6cb879ea4841d06\"><strong>GOOGLE PLAY (Android)<\/strong> y <strong>APP STORE (iOS)<\/strong>:<\/p>\n\n\n\n<p><strong>MiHC<\/strong> cuenta con las siguientes funcionalidades (Web (PC) y Aplicaci\u00f3n M\u00f3vil):<\/p>\n\n\n<div class=\"wp-block-image is-style-default\">\n<figure class=\"aligncenter size-full has-custom-border\"><img loading=\"lazy\" decoding=\"async\" width=\"405\" height=\"229\" src=\"https:\/\/apsmuniarica.cl\/web\/wp-content\/uploads\/2024\/04\/Captura-de-pantalla-2024-04-15-a-las-4.23.31\u202fp.-m.png\" alt=\"\" class=\"wp-image-12313\" style=\"border-style:none;border-width:0px;border-radius:0px\" srcset=\"https:\/\/apsmuniarica.cl\/web\/wp-content\/uploads\/2024\/04\/Captura-de-pantalla-2024-04-15-a-las-4.23.31\u202fp.-m.png 405w, https:\/\/apsmuniarica.cl\/web\/wp-content\/uploads\/2024\/04\/Captura-de-pantalla-2024-04-15-a-las-4.23.31\u202fp.-m-300x170.png 300w\" sizes=\"auto, (max-width: 405px) 100vw, 405px\" \/><\/figure>\n<\/div>\n\n\n<div style=\"height:51px\" aria-hidden=\"true\" class=\"wp-block-spacer\"><\/div>\n\n\n\n<h2 class=\"wp-block-heading has-text-align-center has-neve-link-color-color has-text-color has-link-color wp-elements-eed2e5dc791506d22e20d6fc3633bacb\"><strong>Principales funciones y herramientas de MiHC\u00ae<\/strong><\/h2>\n\n\n\n<figure class=\"wp-block-video aligncenter\"><video height=\"1080\" style=\"aspect-ratio: 1920 \/ 1080;\" width=\"1920\" controls poster=\"https:\/\/apsmuniarica.cl\/web\/wp-content\/uploads\/2023\/08\/miHCv4-1.png\" src=\"https:\/\/apsmuniarica.cl\/web\/wp-content\/uploads\/2023\/05\/2.-Modulos-Mihc.mp4\"><\/video><\/figure>\n\n\n\n<div style=\"height:25px\" aria-hidden=\"true\" class=\"wp-block-spacer\"><\/div>\n\n\n\n<div class=\"wp-block-columns is-layout-flex wp-container-core-columns-is-layout-9d6595d7 wp-block-columns-is-layout-flex\">\n<div class=\"wp-block-column is-layout-flow wp-block-column-is-layout-flow\">\n<p class=\"has-neve-link-color-color has-text-color has-link-color wp-elements-2c51759f4e8784d372906d1916ba6a8d\"><strong>AGENDA MiHC<\/strong>\u00ae<\/p>\n\n\n\n<p>Cada paciente podr\u00e1 revisar su agenda y organizarla de manera sencilla, teniendo acceso a su registro e historia cl\u00ednica, adem\u00e1s de poder agendar citas y ex\u00e1menes entre otras cosas.<\/p>\n\n\n\n<ul class=\"wp-block-list\">\n<li>Tomar, Cambiar o Cancelar Cita.<\/li>\n\n\n\n<li>Citas Pendientes.<\/li>\n\n\n\n<li>Citas Ausentes.<\/li>\n<\/ul>\n\n\n\n<p class=\"has-neve-link-color-color has-text-color has-link-color wp-elements-6c79b23e37ba9c88f4f54f8ce0d842c7\"><strong>EX\u00c1MENES<\/strong><\/p>\n\n\n\n<p>Cada paciente podr\u00e1 evaluar el resultado de sus ex\u00e1menes realizados como tambi\u00e9n las fechas de los ex\u00e1menes pendientes.<\/p>\n\n\n\n<p>\u2022 Resultado de Ex\u00e1menes<\/p>\n\n\n\n<p>\u2022 Ex\u00e1menes Agendados<\/p>\n\n\n\n<p>\u200b<\/p>\n<\/div>\n\n\n\n<div class=\"wp-block-column is-layout-flow wp-block-column-is-layout-flow\">\n<p class=\"has-neve-link-color-color has-text-color has-link-color wp-elements-eff31a1b07193ff3c34d0e832417e3a7\"><strong><strong>ESPERA URGENCIAS<\/strong><\/strong><\/p>\n\n\n\n<p>En esta secci\u00f3n podr\u00e1 visualizar los tiempos de espera en los centros de urgencia.<\/p>\n\n\n\n<p class=\"has-neve-link-color-color has-text-color has-link-color wp-elements-b4b9c4229e9b5b361970d00fcf375110\"><strong><strong>MEDICAMENTOS<\/strong><\/strong><\/p>\n\n\n\n<p>Puede conocer cuando los medicamentos est\u00e1n activos seg\u00fan lo recetado, por el profesional. Para los casos de entrega de<\/p>\n\n\n\n<p>medicamentos por parte de los centros de salud para pacientes cr\u00f3nicos informaci\u00f3n de las fechas programadas de retiro.<\/p>\n\n\n\n<p class=\"has-neve-link-color-color has-text-color has-link-color wp-elements-0a32f4bf399aa46d1dab029df7f67d62\"><strong><strong>INTERCONSULTAS<\/strong><\/strong><\/p>\n\n\n\n<p>Esta opci\u00f3n detalla todas las solicitudes y sus estados de las derivaciones del paciente a los sistemas de atenci\u00f3n de especialidades y de alta complejidad que han sido registradas en AVIS\u00ae<\/p>\n\n\n\n<p>\u200b<\/p>\n\n\n\n<p class=\"has-neve-link-color-color has-text-color has-link-color wp-elements-5fa4bfb066c7fd4da3af2acdd114451f\"><strong>ALARMAS<\/strong><\/p>\n\n\n\n<p>MiHC\u00ae permite configurar para que ciertos eventos como fecha del pr\u00f3ximo control, vacunas que est\u00e1n por vencer, medicamentos por retirar, entre otros, se pueda generar una alarma para enviar al mail del paciente \u00f3 del tutor.<\/p>\n\n\n\n<div style=\"height:100px\" aria-hidden=\"true\" class=\"wp-block-spacer\"><\/div>\n<\/div>\n<\/div>\n\n\n\n<div class=\"wp-block-buttons has-custom-font-size has-medium-font-size is-horizontal is-content-justification-center is-layout-flex wp-container-core-buttons-is-layout-9393892f wp-block-buttons-is-layout-flex\">\n<div class=\"wp-block-button has-custom-font-size is-style-primary has-medium-font-size\"><a class=\"wp-block-button__link wp-element-button\" href=\"https:\/\/mihc.avislatam.com\/tecmedica\/th_online\/login.cfm\" style=\"padding-top:var(--wp--preset--spacing--30);padding-right:var(--wp--preset--spacing--60);padding-bottom:var(--wp--preset--spacing--30);padding-left:var(--wp--preset--spacing--60)\">Entrar  Mi HC<\/a><\/div>\n<\/div>\n\n\n\n<div style=\"height:100px\" aria-hidden=\"true\" class=\"wp-block-spacer\"><\/div>\n<div class=\"pvc_clear\"><\/div><p id=\"pvc_stats_12274\" class=\"pvc_stats total_only  \" data-element-id=\"12274\" style=\"\"><i class=\"pvc-stats-icon medium\" aria-hidden=\"true\"><svg aria-hidden=\"true\" focusable=\"false\" data-prefix=\"far\" data-icon=\"chart-bar\" role=\"img\" xmlns=\"http:\/\/www.w3.org\/2000\/svg\" viewBox=\"0 0 512 512\" class=\"svg-inline--fa fa-chart-bar fa-w-16 fa-2x\"><path fill=\"currentColor\" d=\"M396.8 352h22.4c6.4 0 12.8-6.4 12.8-12.8V108.8c0-6.4-6.4-12.8-12.8-12.8h-22.4c-6.4 0-12.8 6.4-12.8 12.8v230.4c0 6.4 6.4 12.8 12.8 12.8zm-192 0h22.4c6.4 0 12.8-6.4 12.8-12.8V140.8c0-6.4-6.4-12.8-12.8-12.8h-22.4c-6.4 0-12.8 6.4-12.8 12.8v198.4c0 6.4 6.4 12.8 12.8 12.8zm96 0h22.4c6.4 0 12.8-6.4 12.8-12.8V204.8c0-6.4-6.4-12.8-12.8-12.8h-22.4c-6.4 0-12.8 6.4-12.8 12.8v134.4c0 6.4 6.4 12.8 12.8 12.8zM496 400H48V80c0-8.84-7.16-16-16-16H16C7.16 64 0 71.16 0 80v336c0 17.67 14.33 32 32 32h464c8.84 0 16-7.16 16-16v-16c0-8.84-7.16-16-16-16zm-387.2-48h22.4c6.4 0 12.8-6.4 12.8-12.8v-70.4c0-6.4-6.4-12.8-12.8-12.8h-22.4c-6.4 0-12.8 6.4-12.8 12.8v70.4c0 6.4 6.4 12.8 12.8 12.8z\" class=\"\"><\/path><\/svg><\/i> <img loading=\"lazy\" decoding=\"async\" width=\"16\" height=\"16\" alt=\"Loading\" src=\"https:\/\/apsmuniarica.cl\/web\/wp-content\/plugins\/page-views-count\/ajax-loader-2x.gif\" border=0 \/><\/p><div class=\"pvc_clear\"><\/div>","protected":false},"excerpt":{"rendered":"<p>Conozcamos m\u00e1s sobre Mi HC MiHC es una aplicaci\u00f3n m\u00f3vil y web (de escritorio), que le permite al paciente visualizar sus resultados de ex\u00e1menes, recordatorio de ingesta de medicamentos y&hellip;&nbsp;<a href=\"https:\/\/apsmuniarica.cl\/web\/que-es-mi-hc\/\" rel=\"bookmark\">Leer m\u00e1s &raquo;<span class=\"screen-reader-text\">Que es Mi HC<\/span><\/a><\/p>\n","protected":false},"author":1,"featured_media":6192,"parent":0,"menu_order":0,"comment_status":"closed","ping_status":"closed","template":"","meta":{"neve_meta_sidebar":"","neve_meta_container":"","neve_meta_enable_content_width":"","neve_meta_content_width":0,"neve_meta_title_alignment":"","neve_meta_author_avatar":"","neve_post_elements_order":"","neve_meta_disable_header":"","neve_meta_disable_footer":"","neve_meta_disable_title":"","pgc_sgb_lightbox_settings":"","footnotes":""},"class_list":["post-12274","page","type-page","status-publish","has-post-thumbnail","hentry"],"_links":{"self":[{"href":"https:\/\/apsmuniarica.cl\/web\/wp-json\/wp\/v2\/pages\/12274","targetHints":{"allow":["GET"]}}],"collection":[{"href":"https:\/\/apsmuniarica.cl\/web\/wp-json\/wp\/v2\/pages"}],"about":[{"href":"https:\/\/apsmuniarica.cl\/web\/wp-json\/wp\/v2\/types\/page"}],"author":[{"embeddable":true,"href":"https:\/\/apsmuniarica.cl\/web\/wp-json\/wp\/v2\/users\/1"}],"replies":[{"embeddable":true,"href":"https:\/\/apsmuniarica.cl\/web\/wp-json\/wp\/v2\/comments?post=12274"}],"version-history":[{"count":37,"href":"https:\/\/apsmuniarica.cl\/web\/wp-json\/wp\/v2\/pages\/12274\/revisions"}],"predecessor-version":[{"id":12324,"href":"https:\/\/apsmuniarica.cl\/web\/wp-json\/wp\/v2\/pages\/12274\/revisions\/12324"}],"wp:featuredmedia":[{"embeddable":true,"href":"https:\/\/apsmuniarica.cl\/web\/wp-json\/wp\/v2\/media\/6192"}],"wp:attachment":[{"href":"https:\/\/apsmuniarica.cl\/web\/wp-json\/wp\/v2\/media?parent=12274"}],"curies":[{"name":"wp","href":"https:\/\/api.w.org\/{rel}","templated":true}]}}